{"id":11,"date":"2020-02-10T10:51:46","date_gmt":"2020-02-10T09:51:46","guid":{"rendered":"http:\/\/www.altec-equipment.com\/?page_id=11"},"modified":"2025-03-03T22:25:03","modified_gmt":"2025-03-03T21:25:03","slug":"actualites","status":"publish","type":"page","link":"https:\/\/www.altec-equipment.com\/?page_id=11","title":{"rendered":""},"content":{"rendered":"\t\t<div data-elementor-type=\"wp-page\" data-elementor-id=\"11\" class=\"elementor elementor-11\" data-elementor-post-type=\"page\">\n\t\t\t\t\t\t<section class=\"elementor-section elementor-top-section elementor-element elementor-element-e63f2dd elementor-section-boxed elementor-section-height-default elementor-section-height-default\" data-id=\"e63f2dd\" data-element_type=\"section\">\n\t\t\t\t\t\t<div class=\"elementor-container elementor-column-gap-default\">\n\t\t\t\t\t<div class=\"elementor-column elementor-col-100 elementor-top-column elementor-element elementor-element-72e9cd6\" data-id=\"72e9cd6\" data-element_type=\"column\">\n\t\t\t<div class=\"elementor-widget-wrap elementor-element-populated\">\n\t\t\t\t\t\t<div class=\"elementor-element elementor-element-efbb06b elementor-widget elementor-widget-heading\" data-id=\"efbb06b\" data-element_type=\"widget\" data-widget_type=\"heading.default\">\n\t\t\t\t<div class=\"elementor-widget-container\">\n\t\t\t\t\t<h2 class=\"elementor-heading-title elementor-size-default\"><br>ACTUALIT\u00c9S<br><br><\/h2>\t\t\t\t<\/div>\n\t\t\t\t<\/div>\n\t\t\t\t\t<\/div>\n\t\t<\/div>\n\t\t\t\t\t<\/div>\n\t\t<\/section>\n\t\t\t\t<section class=\"elementor-section elementor-top-section elementor-element elementor-element-f926325 elementor-section-boxed elementor-section-height-default elementor-section-height-default\" data-id=\"f926325\" data-element_type=\"section\">\n\t\t\t\t\t\t<div class=\"elementor-container elementor-column-gap-default\">\n\t\t\t\t\t<div class=\"elementor-column elementor-col-100 elementor-top-column elementor-element elementor-element-4c69a32\" data-id=\"4c69a32\" data-element_type=\"column\">\n\t\t\t<div class=\"elementor-widget-wrap elementor-element-populated\">\n\t\t\t\t\t\t<div class=\"elementor-element elementor-element-9a6f589 elementor-widget elementor-widget-text-editor\" data-id=\"9a6f589\" data-element_type=\"widget\" data-widget_type=\"text-editor.default\">\n\t\t\t\t<div class=\"elementor-widget-container\">\n\t\t\t\t\t\t\t\t\t<h2>Newsletter mars 2025<\/h2>\n<p>ALTEC Equipment est fier d&rsquo;entrer en collaboration avec <span style=\"color: #3366ff;\"><a style=\"color: #3366ff;\" href=\"https:\/\/www.mewasa.ch\/index_en.htm\"><span style=\"text-decoration: underline;\">Mewasa<\/span><\/a><\/span>, producteur de soufflets \u00e0 coupelles soud\u00e9es.<\/p>\n<p>Nous les repr\u00e9senterons d\u00e9sormais sur les territoires fran\u00e7ais, belge et luxembourgeois.<\/p>\n<p>Retrouvez la Newsletter de mars 2025 \u00e0 ce sujet.<\/p>\n<p class=\"has-vivid-cyan-blue-color has-text-color has-link-color has-medium-font-size\"><a href=\"https:\/\/www.altec-equipment.com\/wp-content\/uploads\/2025\/03\/Newsletter-Mars-2025.pdf\" target=\"_blank\" rel=\"noopener noreferrer\"><span style=\"color: #3366ff;\">Newsletter mars 2025<\/span><\/a><\/p>\n<p>\u00a0\u00a0\u00a0\u00a0\u00a0\u00a0 \u00a0 \u00a0 \u00a0 \u00a0 \u00a0 \u00a0 \u00a0\u00a0 \u00a0 \u00a0 \u00a0 \u00a0 \u00a0 \u00a0\u00a0 \u00a0 \u00a0 \u00a0 \u00a0 \u00a0 \u00a0\u00a0 \u00a0\u00a0\u00a0\u00a0\u00a0 <img fetchpriority=\"high\" decoding=\"async\" class=\"wp-image-664 alignnone\" src=\"https:\/\/www.altec-equipment.com\/wp-content\/uploads\/2025\/03\/Soufflet-a-coupelles-soudees-2-300x260.png\" alt=\"\" width=\"251\" height=\"217\" srcset=\"https:\/\/www.altec-equipment.com\/wp-content\/uploads\/2025\/03\/Soufflet-a-coupelles-soudees-2-300x260.png 300w, https:\/\/www.altec-equipment.com\/wp-content\/uploads\/2025\/03\/Soufflet-a-coupelles-soudees-2-600x520.png 600w, https:\/\/www.altec-equipment.com\/wp-content\/uploads\/2025\/03\/Soufflet-a-coupelles-soudees-2.png 737w\" sizes=\"(max-width: 251px) 100vw, 251px\" \/> \u00a0 \u00a0 \u00a0 \u00a0\u00a0 \u00a0 \u00a0 \u00a0 \u00a0 \u00a0 \u00a0 \u00a0 \u00a0\u00a0 \u00a0\u00a0\u00a0\u00a0\u00a0\u00a0\u00a0\u00a0\u00a0\u00a0\u00a0 <img decoding=\"async\" class=\"wp-image-663 alignnone\" src=\"https:\/\/www.altec-equipment.com\/wp-content\/uploads\/2025\/03\/Soufflet-a-coupelles-soudees-1-300x248.png\" alt=\"\" width=\"263\" height=\"218\" srcset=\"https:\/\/www.altec-equipment.com\/wp-content\/uploads\/2025\/03\/Soufflet-a-coupelles-soudees-1-300x248.png 300w, https:\/\/www.altec-equipment.com\/wp-content\/uploads\/2025\/03\/Soufflet-a-coupelles-soudees-1.png 567w\" sizes=\"(max-width: 263px) 100vw, 263px\" \/><\/p>\n<p><!-- \/wp:paragraph --><\/p>\t\t\t\t\t\t\t\t<\/div>\n\t\t\t\t<\/div>\n\t\t\t\t\t<\/div>\n\t\t<\/div>\n\t\t\t\t\t<\/div>\n\t\t<\/section>\n\t\t\t\t<section class=\"elementor-section elementor-top-section elementor-element elementor-element-529f1ae0 elementor-section-boxed elementor-section-height-default elementor-section-height-default\" data-id=\"529f1ae0\" data-element_type=\"section\">\n\t\t\t\t\t\t<div class=\"elementor-container elementor-column-gap-default\">\n\t\t\t\t\t<div class=\"elementor-column elementor-col-100 elementor-top-column elementor-element elementor-element-75461df\" data-id=\"75461df\" data-element_type=\"column\">\n\t\t\t<div class=\"elementor-widget-wrap elementor-element-populated\">\n\t\t\t\t\t\t<div class=\"elementor-element elementor-element-6ba58ecc elementor-widget elementor-widget-text-editor\" data-id=\"6ba58ecc\" data-element_type=\"widget\" data-widget_type=\"text-editor.default\">\n\t\t\t\t<div class=\"elementor-widget-container\">\n\t\t\t\t\t\t\t\t\t<!-- wp:heading -->\n<h2 class=\"wp-block-heading\">Newsletter mars 2022<\/h2>\n<!-- \/wp:heading --><!-- wp:paragraph -->\n<p>ALTEC Equipment repr\u00e9sente d\u00e9sormais Solid Sealing Technology (SST) et Torr Scientific Limited (TSL).<\/p>\n<!-- \/wp:paragraph --><!-- wp:paragraph -->\n<p>Retrouvez la Newsletter de mars 2022 \u00e0 ce sujet.<\/p>\n<!-- \/wp:paragraph --><!-- wp:paragraph {\"style\":{\"elements\":{\"link\":{\"color\":{\"text\":\"var:preset|color|vivid-cyan-blue\"}}}},\"textColor\":\"vivid-cyan-blue\",\"fontSize\":\"medium\"} -->\n<p class=\"has-vivid-cyan-blue-color has-text-color has-link-color has-medium-font-size\"><a href=\"https:\/\/www.altec-equipment.com\/wp-content\/uploads\/2022\/03\/Newsletter-Mars-2022.pdf\" target=\"_blank\" rel=\"noopener noreferrer\"><span style=\"color: #3366ff;\">Newsletter mars 2022<\/span><\/a><\/p>\n<!-- \/wp:paragraph --><!-- wp:image -->\n<figure class=\"wp-block-image\"><img decoding=\"async\" src=\"https:\/\/www.altec-equipment.com\/wp-content\/uploads\/2020\/02\/bandeau-contact.jpg\" alt=\"\" \/><\/figure>\n<!-- \/wp:image --><!-- wp:heading {\"level\":1} --><!-- \/wp:heading -->\t\t\t\t\t\t\t\t<\/div>\n\t\t\t\t<\/div>\n\t\t\t\t\t<\/div>\n\t\t<\/div>\n\t\t\t\t\t<\/div>\n\t\t<\/section>\n\t\t\t\t<\/div>\n\t\t","protected":false},"excerpt":{"rendered":"<p>ACTUALIT\u00c9S Newsletter mars 2025 ALTEC Equipment est fier d&rsquo;entrer en collaboration avec Mewasa, producteur de soufflets \u00e0 coupelles soud\u00e9es. Nous les repr\u00e9senterons d\u00e9sormais sur les territoires fran\u00e7ais, belge et luxembourgeois. Retrouvez la Newsletter de mars 2025 \u00e0 ce sujet. Newsletter mars 2025 \u00a0\u00a0\u00a0\u00a0\u00a0\u00a0 \u00a0 \u00a0 \u00a0 \u00a0 \u00a0 \u00a0 \u00a0\u00a0 \u00a0 \u00a0 \u00a0 \u00a0 \u00a0 [&hellip;]<\/p>\n","protected":false},"author":1,"featured_media":0,"parent":0,"menu_order":0,"comment_status":"closed","ping_status":"closed","template":"","meta":{"footnotes":""},"_links":{"self":[{"href":"https:\/\/www.altec-equipment.com\/index.php?rest_route=\/wp\/v2\/pages\/11"}],"collection":[{"href":"https:\/\/www.altec-equipment.com\/index.php?rest_route=\/wp\/v2\/pages"}],"about":[{"href":"https:\/\/www.altec-equipment.com\/index.php?rest_route=\/wp\/v2\/types\/page"}],"author":[{"embeddable":true,"href":"https:\/\/www.altec-equipment.com\/index.php?rest_route=\/wp\/v2\/users\/1"}],"replies":[{"embeddable":true,"href":"https:\/\/www.altec-equipment.com\/index.php?rest_route=%2Fwp%2Fv2%2Fcomments&post=11"}],"version-history":[{"count":68,"href":"https:\/\/www.altec-equipment.com\/index.php?rest_route=\/wp\/v2\/pages\/11\/revisions"}],"predecessor-version":[{"id":727,"href":"https:\/\/www.altec-equipment.com\/index.php?rest_route=\/wp\/v2\/pages\/11\/revisions\/727"}],"wp:attachment":[{"href":"https:\/\/www.altec-equipment.com\/index.php?rest_route=%2Fwp%2Fv2%2Fmedia&parent=11"}],"curies":[{"name":"wp","href":"https:\/\/api.w.org\/{rel}","templated":true}]}}