{"id":190,"date":"2020-02-19T17:01:33","date_gmt":"2020-02-19T16:01:33","guid":{"rendered":"http:\/\/www.altec-equipment.com\/?post_type=product&#038;p=190"},"modified":"2020-09-15T23:57:21","modified_gmt":"2020-09-15T21:57:21","slug":"manipulateur-d-analyse","status":"publish","type":"product","link":"https:\/\/www.altec-equipment.com\/?product=manipulateur-d-analyse","title":{"rendered":"Manipulateur d&rsquo;analyse"},"content":{"rendered":"<p>&nbsp;<\/p>\n<p>Manipulateurs d&rsquo;analyse configurables offrant jusqu&rsquo;\u00e0 5 axes de mouvement et des options pour la polarisation de l&rsquo;\u00e9chantillon, le chauffage \u00e0 1200\u00b0C et le refroidissement \u00e0 &lt;30K. Les MultiCentres peuvent \u00eatre configur\u00e9s pour accepter les porte-\u00e9chantillons d&rsquo;analyse de surface les plus courants, y compris les plaquettes Omicron, les flags et les stubs ESCA.<\/p>\n<p>Le MultiCentre et les accessoires associ\u00e9s offrent une solution compl\u00e8te pour le transfert et la manipulation d&rsquo;\u00e9chantillons. Les applications typiques incluent l&rsquo;instrumentation analytique pour les \u00e9quipements d&rsquo;analyse de surface et les stations de bout de lignes des synchrotrons.<\/p>\n<p>La gamme MultiCentre comprend la s\u00e9rie XL-T qui fournit des manipulateurs compacts avec un seul soufflet et la s\u00e9rie XL-R qui utilise deux soufflets avec support \u00e0 deux points pour offrir une stabilit\u00e9 et une pr\u00e9cision accrues.<br \/>\nChaque s\u00e9rie offre une gamme compl\u00e8te d&rsquo;options, y compris le chauffage r\u00e9sistif ou par faisceau d&rsquo;\u00e9lectrons, la mesure de la temp\u00e9rature, la polarisation de l&rsquo;\u00e9chantillon\/mesure du courant et les options de refroidissement LN2 et LHe. Les MultiCentres sont uniques dans leur capacit\u00e9 \u00e0 fournir une rotation azimutale continue et une mesure de la temp\u00e9rature, m\u00eame lors du refroidissement avec LN2 et du chauffage \u00e0 1200\u00b0C.<\/p>\n<p>Principales caract\u00e9ristiques<\/p>\n<ul>\n<li>Platines compactes et de haute stabilit\u00e9, haute pr\u00e9cision<\/li>\n<li>La conception modulaire de la sc\u00e8ne permet de configurer la fonctionnalit\u00e9 en fonction de l&rsquo;application<\/li>\n<li>Platine d&rsquo;\u00e9chantillonnage innovante avec un volume balay\u00e9 ultra compact et une gamme unique d&rsquo;options d&rsquo;\u00e9tage suppl\u00e9mentaires<\/li>\n<li>Chauffage \u00e0 1200\u00b0C et refroidissement \u00e0 &lt;30K (avec pr\u00e9refroidissement LN2 pour r\u00e9duire la consommation et les co\u00fbts de LHe)<\/li>\n<li>Capacit\u00e9 unique de fournir une rotation azimutale continue et un refroidissement LN2<\/li>\n<li>Sc\u00e8nes compatibles avec le drapeau, la rondelle et l&rsquo;ESCA<\/li>\n<\/ul>\n<p><\/span><br \/>\nPour plus d&rsquo;informations: <span style=\"color: #0000ff;\"><strong><a style=\"color: #0000ff;\" href=\"https:\/\/www.uhvdesign.com\/products\/analytical-stages\" target=\"_blank\" rel=\"noopener noreferrer\">cliquer ici<\/a><\/strong><\/span>.<\/p>\n","protected":false},"excerpt":{"rendered":"<p>&nbsp; Manipulateurs d&rsquo;analyse configurables offrant jusqu&rsquo;\u00e0 5 axes de mouvement et des options pour la polarisation de l&rsquo;\u00e9chantillon, le chauffage \u00e0 1200\u00b0C et le refroidissement \u00e0 &lt;30K. Les MultiCentres peuvent \u00eatre configur\u00e9s pour accepter les porte-\u00e9chantillons d&rsquo;analyse de surface les plus courants, y compris les plaquettes Omicron, les flags et les stubs ESCA. Le MultiCentre [&hellip;]<\/p>\n","protected":false},"featured_media":384,"comment_status":"open","ping_status":"closed","template":"","meta":[],"product_cat":[17],"product_tag":[],"_links":{"self":[{"href":"https:\/\/www.altec-equipment.com\/index.php?rest_route=\/wp\/v2\/product\/190"}],"collection":[{"href":"https:\/\/www.altec-equipment.com\/index.php?rest_route=\/wp\/v2\/product"}],"about":[{"href":"https:\/\/www.altec-equipment.com\/index.php?rest_route=\/wp\/v2\/types\/product"}],"replies":[{"embeddable":true,"href":"https:\/\/www.altec-equipment.com\/index.php?rest_route=%2Fwp%2Fv2%2Fcomments&post=190"}],"wp:featuredmedia":[{"embeddable":true,"href":"https:\/\/www.altec-equipment.com\/index.php?rest_route=\/wp\/v2\/media\/384"}],"wp:attachment":[{"href":"https:\/\/www.altec-equipment.com\/index.php?rest_route=%2Fwp%2Fv2%2Fmedia&parent=190"}],"wp:term":[{"taxonomy":"product_cat","embeddable":true,"href":"https:\/\/www.altec-equipment.com\/index.php?rest_route=%2Fwp%2Fv2%2Fproduct_cat&post=190"},{"taxonomy":"product_tag","embeddable":true,"href":"https:\/\/www.altec-equipment.com\/index.php?rest_route=%2Fwp%2Fv2%2Fproduct_tag&post=190"}],"curies":[{"name":"wp","href":"https:\/\/api.w.org\/{rel}","templated":true}]}}