{"id":194,"date":"2020-02-20T11:19:00","date_gmt":"2020-02-20T10:19:00","guid":{"rendered":"http:\/\/www.altec-equipment.com\/?post_type=product&#038;p=194"},"modified":"2020-09-15T23:55:43","modified_gmt":"2020-09-15T21:55:43","slug":"rotations01","status":"publish","type":"product","link":"https:\/\/www.altec-equipment.com\/?product=rotations01","title":{"rendered":"Rotations MagiDrive"},"content":{"rendered":"<p><strong><span class=\"tlid-translation translation\" lang=\"fr\"><span title=\"\">Principales caract\u00e9ristiques<\/span><\/span><\/strong><\/p>\n<ul>\n<li><span lang=\"fr\"><span title=\"\">Conception \u00e0 couplage magn\u00e9tique et \u00e0 s\u00e9curit\u00e9 int\u00e9gr\u00e9e<\/span><\/span><\/li>\n<li><span lang=\"fr\"><span title=\"\">L&rsquo;enceinte \u00e0 vide monobloc garantit des performances sans fuite<\/span><\/span><\/li>\n<li><span lang=\"fr\"><span title=\"\">Le blindage magn\u00e9tique permet une utilisation dans des environnements magn\u00e9tiquement sensibles<\/span><\/span><\/li>\n<li><span lang=\"fr\"><span title=\"\">Pas de soufflet, de mati\u00e8res organiques ou de joints coulissants<\/span><\/span><\/li>\n<li><span lang=\"fr\"><span title=\"\">Bakable \u00e0 250\u00b0C (y compris les aimants)<\/span><\/span><\/li>\n<li><span lang=\"fr\"><span title=\"\">Rapport couple \/ taille \u00e9lev\u00e9<\/span><\/span><\/li>\n<li><span class=\"tlid-translation translation\" lang=\"fr\"><span class=\"\" title=\"\">Aucun jeu sous faible charge et acc\u00e9l\u00e9ration<\/span><\/span><\/li>\n<li><span class=\"tlid-translation translation\" lang=\"fr\"><span class=\"\" title=\"\">Les variantes creuses permettent l&#8217;empilage des entra\u00eenements concentriques<\/span><\/span><\/li>\n<\/ul>\n<p>&nbsp;<\/p>\n<p><span class=\"tlid-translation translation\" lang=\"fr\"><span title=\"\">La gamme de travers\u00e9es rotatives \u00e0 vide MagiDrive \u00e9prouv\u00e9e en production permet de transf\u00e9rer la rotation dans un syst\u00e8me de vide \u00e0 l&rsquo;aide d&rsquo;un couplage magn\u00e9tique rigide \u00e0 flux \u00e9lev\u00e9.<\/span> <span class=\"\" title=\"\">Sans soufflet, fluide ou joint dynamique, la gamme MagiDrive offre un fonctionnement UHV fiable et \u00e9tanche.<\/span><\/span><\/p>\n<p><strong>OPTION ROTATION PLEINE<\/strong><\/p>\n<p>La s\u00e9rie de travers\u00e9es rotatives pleines offre une gamme d&rsquo;options d&rsquo;arbres standard, comme d\u00e9taill\u00e9 dans les options de configuration du produit. Des arbres personnalis\u00e9s sont disponibles sur demande. UHV Design propose une gamme de paliers allong\u00e9s pour supporter l&rsquo;arbre le long de son axe de rotation. Pour plus d&rsquo;informations sur les rotations pleines: <strong><a href=\"https:\/\/www.uhvdesign.com\/getdoc\/889a6685-ae15-457e-92c6-473063898d71\/solid-magidrive-series\" target=\"_blank\" rel=\"noopener noreferrer\"><span style=\"color: #0000ff;\">cliquer ici<\/span><\/a><\/strong>.<\/p>\n<p><strong>OPTION ROTATION CREUSE<\/strong><\/p>\n<p><span class=\"tlid-translation translation\" lang=\"fr\"><span title=\"\">Les quatre mod\u00e8les les plus grands sont disponibles dans une configuration creuse, se terminant par une bride CF non rotative \u00e0 l&rsquo;arri\u00e8re.<\/span> <span title=\"\">Cela permet de faire passer les services \u00e0 travers l&rsquo;entra\u00eenement ou bien, en variante, de monter une MagiDrive suppl\u00e9mentaire \u00e0 monter \u00e0 l&rsquo;arri\u00e8re, fournissant un axe de rotation secondaire. Pour plus d&rsquo;informations sur les rotations creuses: <a href=\"https:\/\/www.uhvdesign.com\/getdoc\/41f675c5-cf87-4ca1-b71d-51efc30aa158\/hollow-magidrive-series\" target=\"_blank\" rel=\"noopener noreferrer\"><span style=\"color: #0000ff;\"><strong>cliquer ici<\/strong><\/span><\/a>.<br \/>\n<\/span><\/span><\/p>\n<p><strong><span class=\"tlid-translation translation\" lang=\"fr\"><span class=\"\" title=\"\">ENTRAINEMENT COMPACT LINEAIRE ET ROTATIF CREUX COMBINE<br \/>\n<\/span><\/span><\/strong><\/p>\n<p><span class=\"tlid-translation translation\" lang=\"fr\"><span title=\"\">Rotation et mouvement axial coupl\u00e9s magn\u00e9tiquement en un seul dispositif compact.<\/span> <span title=\"\">Un exemple d&rsquo;application serait la rotation d&rsquo;un porte-substrat avec le mouvement monte et baisse utilis\u00e9 pour faciliter le transfert d&rsquo;\u00e9chantillon.<\/span> <span title=\"\">La technologie Hollow Drive permet de transmettre les amen\u00e9es de courant\/thermocouple \u00e0 un porte-substrat chauffant. Pour plus d&rsquo;informations sur les rotations creuses: <a href=\"https:\/\/www.uhvdesign.com\/getdoc\/296c037e-fe39-41f3-8fad-7c363c866845\/hollow-rotary-linear-drive-magilift\" target=\"_blank\" rel=\"noopener noreferrer\"><strong><span style=\"color: #0000ff;\">cliquer ici<\/span><\/strong><\/a><span style=\"color: #0000ff;\">.<\/span><br \/>\n<\/span><\/span><\/p>\n<p>&nbsp;<\/p>\n","protected":false},"excerpt":{"rendered":"<p>Principales caract\u00e9ristiques Conception \u00e0 couplage magn\u00e9tique et \u00e0 s\u00e9curit\u00e9 int\u00e9gr\u00e9e L&rsquo;enceinte \u00e0 vide monobloc garantit des performances sans fuite Le blindage magn\u00e9tique permet une utilisation dans des environnements magn\u00e9tiquement sensibles Pas de soufflet, de mati\u00e8res organiques ou de joints coulissants Bakable \u00e0 250\u00b0C (y compris les aimants) Rapport couple \/ taille \u00e9lev\u00e9 Aucun jeu sous [&hellip;]<\/p>\n","protected":false},"featured_media":339,"comment_status":"open","ping_status":"closed","template":"","meta":[],"product_cat":[17],"product_tag":[],"_links":{"self":[{"href":"https:\/\/www.altec-equipment.com\/index.php?rest_route=\/wp\/v2\/product\/194"}],"collection":[{"href":"https:\/\/www.altec-equipment.com\/index.php?rest_route=\/wp\/v2\/product"}],"about":[{"href":"https:\/\/www.altec-equipment.com\/index.php?rest_route=\/wp\/v2\/types\/product"}],"replies":[{"embeddable":true,"href":"https:\/\/www.altec-equipment.com\/index.php?rest_route=%2Fwp%2Fv2%2Fcomments&post=194"}],"wp:featuredmedia":[{"embeddable":true,"href":"https:\/\/www.altec-equipment.com\/index.php?rest_route=\/wp\/v2\/media\/339"}],"wp:attachment":[{"href":"https:\/\/www.altec-equipment.com\/index.php?rest_route=%2Fwp%2Fv2%2Fmedia&parent=194"}],"wp:term":[{"taxonomy":"product_cat","embeddable":true,"href":"https:\/\/www.altec-equipment.com\/index.php?rest_route=%2Fwp%2Fv2%2Fproduct_cat&post=194"},{"taxonomy":"product_tag","embeddable":true,"href":"https:\/\/www.altec-equipment.com\/index.php?rest_route=%2Fwp%2Fv2%2Fproduct_tag&post=194"}],"curies":[{"name":"wp","href":"https:\/\/api.w.org\/{rel}","templated":true}]}}