{"id":197,"date":"2020-02-20T11:21:25","date_gmt":"2020-02-20T10:21:25","guid":{"rendered":"http:\/\/www.altec-equipment.com\/?post_type=product&#038;p=197"},"modified":"2020-09-15T23:54:37","modified_gmt":"2020-09-15T21:54:37","slug":"wobblesticks01","status":"publish","type":"product","link":"https:\/\/www.altec-equipment.com\/?product=wobblesticks01","title":{"rendered":"Wobble sticks"},"content":{"rendered":"<p>&nbsp;<\/p>\n<p>Le wobble stick UHV Design est un concept modulaire mince b\u00e9n\u00e9ficiant de la technologie de couplage magn\u00e9tique haute puissance d&rsquo;UHV Design. L&rsquo;accouplement \u00e9limine le besoin de longs empilements de soufflets \u00e0 coupelles soud\u00e9s typiquement employ\u00e9s avec des conceptions de wobble sticks classiques.<\/p>\n<p>Cela r\u00e9duit le risque de fuites, en particulier pour les applications de d\u00e9p\u00f4t telles que la MBE o\u00f9 les particules ou le d\u00e9p\u00f4t entre les convolutions du soufflet peuvent r\u00e9duire les dur\u00e9es de vie ou provoquer une d\u00e9faillance imm\u00e9diate.<\/p>\n<p>UHV Design a une gamme de Wobble Sticks sp\u00e9cialement con\u00e7us pour les syst\u00e8mes VT-SPM courants (type plaquettes Omicron). <span style=\"color: #0000ff;\"><strong><a style=\"color: #0000ff;\" href=\"https:\/\/www.uhvdesign.com\/products\/wobble-sticks\/xwsg40-range\/\" target=\"_blank\" rel=\"noopener noreferrer\"><span style=\"text-decoration: underline;\">Cliquez<\/span> ici pour en savoir plus sur la gamme XWSG40<\/a><\/strong><\/span>.<\/p>\n<p>Principales caract\u00e9ristiques<\/p>\n<ul>\n<li>Version en ligne et \u00e0 angle droit avec inclinaison de +\/-22\u00b0<\/li>\n<li>Plage de course de 100 \u00e0 350mm (incr\u00e9ments de 50mm)<\/li>\n<li>Remarque: des courses plus longues sont disponibles sur demande. Contactez-nous pour plus de d\u00e9tails.<\/li>\n<li>\u00c9tuvage \u00e0 250\u00b0C sans avoir besoin de retirer l&rsquo;assemblage de l&rsquo;aimant ext\u00e9rieur<\/li>\n<li>Le WSG40 comprend une poign\u00e9e de d\u00e9clenchement<\/li>\n<li>Choix des effecteurs d&rsquo;extr\u00e9mit\u00e9 pour le type de porte-substrat<\/li>\n<li>Aucune pouss\u00e9e due au vide<\/li>\n<\/ul>\n<p><\/span><br \/>\nPour plus d&rsquo;informations: <a href=\"https:\/\/www.uhvdesign.com\/products\/wobble-sticks\" target=\"_blank\" rel=\"noopener noreferrer\"><span style=\"color: #0000ff;\"><strong>cliquer ici<\/strong><\/span><\/a>.<\/p>\n","protected":false},"excerpt":{"rendered":"<p>&nbsp; Le wobble stick UHV Design est un concept modulaire mince b\u00e9n\u00e9ficiant de la technologie de couplage magn\u00e9tique haute puissance d&rsquo;UHV Design. L&rsquo;accouplement \u00e9limine le besoin de longs empilements de soufflets \u00e0 coupelles soud\u00e9s typiquement employ\u00e9s avec des conceptions de wobble sticks classiques. Cela r\u00e9duit le risque de fuites, en particulier pour les applications de [&hellip;]<\/p>\n","protected":false},"featured_media":377,"comment_status":"open","ping_status":"closed","template":"","meta":[],"product_cat":[17],"product_tag":[],"_links":{"self":[{"href":"https:\/\/www.altec-equipment.com\/index.php?rest_route=\/wp\/v2\/product\/197"}],"collection":[{"href":"https:\/\/www.altec-equipment.com\/index.php?rest_route=\/wp\/v2\/product"}],"about":[{"href":"https:\/\/www.altec-equipment.com\/index.php?rest_route=\/wp\/v2\/types\/product"}],"replies":[{"embeddable":true,"href":"https:\/\/www.altec-equipment.com\/index.php?rest_route=%2Fwp%2Fv2%2Fcomments&post=197"}],"wp:featuredmedia":[{"embeddable":true,"href":"https:\/\/www.altec-equipment.com\/index.php?rest_route=\/wp\/v2\/media\/377"}],"wp:attachment":[{"href":"https:\/\/www.altec-equipment.com\/index.php?rest_route=%2Fwp%2Fv2%2Fmedia&parent=197"}],"wp:term":[{"taxonomy":"product_cat","embeddable":true,"href":"https:\/\/www.altec-equipment.com\/index.php?rest_route=%2Fwp%2Fv2%2Fproduct_cat&post=197"},{"taxonomy":"product_tag","embeddable":true,"href":"https:\/\/www.altec-equipment.com\/index.php?rest_route=%2Fwp%2Fv2%2Fproduct_tag&post=197"}],"curies":[{"name":"wp","href":"https:\/\/api.w.org\/{rel}","templated":true}]}}