{"id":199,"date":"2020-02-20T11:28:52","date_gmt":"2020-02-20T10:28:52","guid":{"rendered":"http:\/\/www.altec-equipment.com\/?post_type=product&#038;p=199"},"modified":"2020-09-15T23:54:11","modified_gmt":"2020-09-15T21:54:11","slug":"module-de-chauffage","status":"publish","type":"product","link":"https:\/\/www.altec-equipment.com\/?product=module-de-chauffage","title":{"rendered":"Module de chauffage"},"content":{"rendered":"<p>Une solution \u00e9conomique pour le chauffage d&rsquo;\u00e9chantillons tout en b\u00e9n\u00e9ficiant d&rsquo;une technologie de chauffage de pointe \u00e9prouv\u00e9e. Ils comprennent des \u00e9l\u00e9ments chauffants trait\u00e9s par CVD emball\u00e9s dans des bo\u00eetiers m\u00e9talliques r\u00e9fractaires.<br \/>\nEn plus des solutions compl\u00e8tes de chauffage des \u00e9chantillons propos\u00e9es avec les manipulateurs de d\u00e9p\u00f4t EpiCentre, UHV Design propose \u00e9galement une gamme de modules de chauffage individuels que les utilisateurs finaux peuvent int\u00e9grer dans leurs propres conceptions de manipulateurs avec chauffage. La gamme offre aux utilisateurs finaux une solution \u00e9conomique pour le chauffage des \u00e9chantillons, tout en b\u00e9n\u00e9ficiant d&rsquo;une technologie de chauffage \u00e9prouv\u00e9e utilis\u00e9e dans les manipulateurs de pointe du march\u00e9.<\/p>\n<p>Les modules de chauffage UHV Design sont utilis\u00e9s dans les applications sous vide pour chauffer par rayonnement des wafers du semi-conducteur, des \u00e9chantillons support\u00e9s par des supports ou divers autres substrats \u00e0 des temp\u00e9ratures \u00e9lev\u00e9es. Les modules comportent des \u00e9l\u00e9ments chauffants trait\u00e9s par CVD emball\u00e9s dans des bo\u00eetiers en m\u00e9tal r\u00e9fractaire.<br \/>\nLa zone chaude imm\u00e9diate maintenant l&rsquo;\u00e9l\u00e9ment est construite \u00e0 partir de m\u00e9taux r\u00e9fractaires tels que le molybd\u00e8ne, le tantale et la c\u00e9ramique et ne comprend aucun autre mat\u00e9riau susceptible de compromettre les performances \u00e0 haute temp\u00e9rature. Ces modules sont donc particuli\u00e8rement adapt\u00e9s aux applications ultra-vide.<\/p>\n<p>Principales caract\u00e9ristiques<\/p>\n<ul>\n<li>Chauffage haute uniformit\u00e9 jusqu&rsquo;\u00e0 1200\u00b0C<\/li>\n<li>\u00c9l\u00e9ments avec un rapport surface\/espace rayonnant \u00e9lev\u00e9 &#8211; capables de fonctionner \u00e0 des temp\u00e9ratures plus basses que les fours m\u00e9talliques conventionnels<\/li>\n<li>Zone chaude en m\u00e9tal r\u00e9fractaire &#8211; performances sans compromis \u00e0 haute temp\u00e9rature<\/li>\n<\/ul>\n<p><\/span><br \/>\nPour plus d&rsquo;informations: <span style=\"color: #0000ff;\"><strong><a style=\"color: #0000ff;\" href=\"https:\/\/www.uhvdesign.com\/products\/heater-modules\" target=\"_blank\" rel=\"noopener noreferrer\">cliquer ici<\/a><\/strong><\/span>.<\/p>\n","protected":false},"excerpt":{"rendered":"<p>Une solution \u00e9conomique pour le chauffage d&rsquo;\u00e9chantillons tout en b\u00e9n\u00e9ficiant d&rsquo;une technologie de chauffage de pointe \u00e9prouv\u00e9e. Ils comprennent des \u00e9l\u00e9ments chauffants trait\u00e9s par CVD emball\u00e9s dans des bo\u00eetiers m\u00e9talliques r\u00e9fractaires. En plus des solutions compl\u00e8tes de chauffage des \u00e9chantillons propos\u00e9es avec les manipulateurs de d\u00e9p\u00f4t EpiCentre, UHV Design propose \u00e9galement une gamme de modules [&hellip;]<\/p>\n","protected":false},"featured_media":390,"comment_status":"open","ping_status":"closed","template":"","meta":[],"product_cat":[17],"product_tag":[],"_links":{"self":[{"href":"https:\/\/www.altec-equipment.com\/index.php?rest_route=\/wp\/v2\/product\/199"}],"collection":[{"href":"https:\/\/www.altec-equipment.com\/index.php?rest_route=\/wp\/v2\/product"}],"about":[{"href":"https:\/\/www.altec-equipment.com\/index.php?rest_route=\/wp\/v2\/types\/product"}],"replies":[{"embeddable":true,"href":"https:\/\/www.altec-equipment.com\/index.php?rest_route=%2Fwp%2Fv2%2Fcomments&post=199"}],"wp:featuredmedia":[{"embeddable":true,"href":"https:\/\/www.altec-equipment.com\/index.php?rest_route=\/wp\/v2\/media\/390"}],"wp:attachment":[{"href":"https:\/\/www.altec-equipment.com\/index.php?rest_route=%2Fwp%2Fv2%2Fmedia&parent=199"}],"wp:term":[{"taxonomy":"product_cat","embeddable":true,"href":"https:\/\/www.altec-equipment.com\/index.php?rest_route=%2Fwp%2Fv2%2Fproduct_cat&post=199"},{"taxonomy":"product_tag","embeddable":true,"href":"https:\/\/www.altec-equipment.com\/index.php?rest_route=%2Fwp%2Fv2%2Fproduct_tag&post=199"}],"curies":[{"name":"wp","href":"https:\/\/api.w.org\/{rel}","templated":true}]}}