{"id":211,"date":"2020-02-20T12:01:22","date_gmt":"2020-02-20T11:01:22","guid":{"rendered":"http:\/\/www.altec-equipment.com\/?post_type=product&#038;p=211"},"modified":"2020-09-15T23:51:33","modified_gmt":"2020-09-15T21:51:33","slug":"compresseurs_helium01","status":"publish","type":"product","link":"https:\/\/www.altec-equipment.com\/?product=compresseurs_helium01","title":{"rendered":"Compresseurs H\u00e9lium"},"content":{"rendered":"<p>Les compresseurs d\u2019h\u00e9lium sont au c\u0153ur du syst\u00e8me de pompage cryog\u00e9nique, fournissant l\u2019h\u00e9lium d\u2019ultra haute puret\u00e9 pour les pompes simples ou multiples.<\/p>\n<p>Compl\u00e9tant son offre de syst\u00e8mes cryog\u00e9niques, Trillium offre \u00e0 l\u2019industrie des compresseurs \u00e9prouv\u00e9s, \u00e0 des prix comp\u00e9titifs, avec des configurations flexibles telles que refroidissement air\/eau, haute\/basse tension, et diverses autres options.<\/p>\n<p>Pour plus d&rsquo;informations: <a href=\"https:\/\/trilliumus.com\/products\/cryogenics\/\" target=\"_blank\" rel=\"noopener noreferrer\"><span style=\"color: #0000ff;\"><strong>cliquer ici<\/strong><\/span><\/a>.<\/p>\n","protected":false},"excerpt":{"rendered":"<p>Les compresseurs d\u2019h\u00e9lium sont au c\u0153ur du syst\u00e8me de pompage cryog\u00e9nique, fournissant l\u2019h\u00e9lium d\u2019ultra haute puret\u00e9 pour les pompes simples ou multiples. Compl\u00e9tant son offre de syst\u00e8mes cryog\u00e9niques, Trillium offre \u00e0 l\u2019industrie des compresseurs \u00e9prouv\u00e9s, \u00e0 des prix comp\u00e9titifs, avec des configurations flexibles telles que refroidissement air\/eau, haute\/basse tension, et diverses autres options. Pour plus [&hellip;]<\/p>\n","protected":false},"featured_media":424,"comment_status":"open","ping_status":"closed","template":"","meta":[],"product_cat":[19],"product_tag":[],"_links":{"self":[{"href":"https:\/\/www.altec-equipment.com\/index.php?rest_route=\/wp\/v2\/product\/211"}],"collection":[{"href":"https:\/\/www.altec-equipment.com\/index.php?rest_route=\/wp\/v2\/product"}],"about":[{"href":"https:\/\/www.altec-equipment.com\/index.php?rest_route=\/wp\/v2\/types\/product"}],"replies":[{"embeddable":true,"href":"https:\/\/www.altec-equipment.com\/index.php?rest_route=%2Fwp%2Fv2%2Fcomments&post=211"}],"wp:featuredmedia":[{"embeddable":true,"href":"https:\/\/www.altec-equipment.com\/index.php?rest_route=\/wp\/v2\/media\/424"}],"wp:attachment":[{"href":"https:\/\/www.altec-equipment.com\/index.php?rest_route=%2Fwp%2Fv2%2Fmedia&parent=211"}],"wp:term":[{"taxonomy":"product_cat","embeddable":true,"href":"https:\/\/www.altec-equipment.com\/index.php?rest_route=%2Fwp%2Fv2%2Fproduct_cat&post=211"},{"taxonomy":"product_tag","embeddable":true,"href":"https:\/\/www.altec-equipment.com\/index.php?rest_route=%2Fwp%2Fv2%2Fproduct_tag&post=211"}],"curies":[{"name":"wp","href":"https:\/\/api.w.org\/{rel}","templated":true}]}}