{"id":215,"date":"2020-02-20T12:05:47","date_gmt":"2020-02-20T11:05:47","guid":{"rendered":"http:\/\/www.altec-equipment.com\/?post_type=product&#038;p=215"},"modified":"2020-09-15T23:51:23","modified_gmt":"2020-09-15T21:51:23","slug":"pompes_cryogeniques01","status":"publish","type":"product","link":"https:\/\/www.altec-equipment.com\/?product=pompes_cryogeniques01","title":{"rendered":"Pompes cryog\u00e9niques"},"content":{"rendered":"<p>&nbsp;<\/p>\n<p>Cryopompe standard pour les applications de recherche et de production<\/p>\n<p>La cryopompe Cryo-Plex 8 de Trillium est une pompe \u00e0 vide cryog\u00e9nique de haute qualit\u00e9 avec une conception \u00e9prouv\u00e9e de t\u00eate froide \u00e0 deux \u00e9tages qui capte la vapeur d\u2019eau et les gaz \u00e0 des vitesses de pompage \u00e9lev\u00e9es, ce qui donne des vides pouss\u00e9s et ultravide sans huile. La Cryo-Plex 8 peut \u00eatre configur\u00e9e pour prendre en charge un large \u00e9ventail d\u2019applications de recherche et de production et fait partie int\u00e9grante des solutions cryog\u00e9niques \u00e0 vide pouss\u00e9 de Trillium.<\/p>\n<p><strong>Principales caract\u00e9ristiques et avantages<\/strong><\/p>\n<p>&#8211; <strong>Conception conforme aux normes de l&rsquo;industrie<\/strong>: garantissant une installation, un \u00e9change et une mise \u00e0 niveau rapides et simples afin que les processus critiques de mission fonctionnent avec une efficacit\u00e9 maximale avec un minimum de temps d&rsquo;arr\u00eat. Les configurations de bride d&rsquo;entr\u00e9e sont conformes aux sp\u00e9cifications ANSI, ISO et Conflat. Cryo-Plex 8 est facilement interchangeable avec d&rsquo;autres cryopompes OEM.<\/p>\n<p>&#8211; <strong>Configuration flexible<\/strong>: la Cryo-Plex 8 peut \u00eatre configur\u00e9e et accessoiris\u00e9e pour prendre en charge un large \u00e9ventail d&rsquo;applications de recherche et de production exigeantes. Elle peut \u00eatre utilis\u00e9e dans n&rsquo;importe quelle position de montage pour des conceptions standard ou personnalis\u00e9es. Les capteurs \u00e0 diode de silicium ou \u00e0 ampoule \u00e0 vapeur d&rsquo;hydrog\u00e8ne (HVB) mesurent les temp\u00e9ratures au deuxi\u00e8me \u00e9tage pour aider \u00e0 contr\u00f4ler le processus de r\u00e9g\u00e9n\u00e9ration (des diodes doubles sont \u00e9galement disponibles).<\/p>\n<p>&#8211; <strong>Fabrication de qualit\u00e9<\/strong>: Trillium s\u2019engage \u00e0 fournir des produits de qualit\u00e9 qui r\u00e9pondent de mani\u00e8re fiable aux exigences exigeantes des applications de nos clients. Nous adoptons une approche personnelle pour assurer la satisfaction totale du client. Notre usine de fabrication bas\u00e9e \u00e0 Austin, au Texas, est certifi\u00e9e ISO 9001 depuis plus de quinze ans.<\/p>\n<p>Pour plus d&rsquo;informations: <a href=\"https:\/\/trilliumus.com\/products\/cryogenics\/\" target=\"_blank\" rel=\"noopener noreferrer\"><span style=\"color: #0000ff;\"><strong>cliquer ici<\/strong><\/span><\/a>.<\/p>\n","protected":false},"excerpt":{"rendered":"<p>&nbsp; Cryopompe standard pour les applications de recherche et de production La cryopompe Cryo-Plex 8 de Trillium est une pompe \u00e0 vide cryog\u00e9nique de haute qualit\u00e9 avec une conception \u00e9prouv\u00e9e de t\u00eate froide \u00e0 deux \u00e9tages qui capte la vapeur d\u2019eau et les gaz \u00e0 des vitesses de pompage \u00e9lev\u00e9es, ce qui donne des vides [&hellip;]<\/p>\n","protected":false},"featured_media":418,"comment_status":"open","ping_status":"closed","template":"","meta":[],"product_cat":[19],"product_tag":[],"_links":{"self":[{"href":"https:\/\/www.altec-equipment.com\/index.php?rest_route=\/wp\/v2\/product\/215"}],"collection":[{"href":"https:\/\/www.altec-equipment.com\/index.php?rest_route=\/wp\/v2\/product"}],"about":[{"href":"https:\/\/www.altec-equipment.com\/index.php?rest_route=\/wp\/v2\/types\/product"}],"replies":[{"embeddable":true,"href":"https:\/\/www.altec-equipment.com\/index.php?rest_route=%2Fwp%2Fv2%2Fcomments&post=215"}],"wp:featuredmedia":[{"embeddable":true,"href":"https:\/\/www.altec-equipment.com\/index.php?rest_route=\/wp\/v2\/media\/418"}],"wp:attachment":[{"href":"https:\/\/www.altec-equipment.com\/index.php?rest_route=%2Fwp%2Fv2%2Fmedia&parent=215"}],"wp:term":[{"taxonomy":"product_cat","embeddable":true,"href":"https:\/\/www.altec-equipment.com\/index.php?rest_route=%2Fwp%2Fv2%2Fproduct_cat&post=215"},{"taxonomy":"product_tag","embeddable":true,"href":"https:\/\/www.altec-equipment.com\/index.php?rest_route=%2Fwp%2Fv2%2Fproduct_tag&post=215"}],"curies":[{"name":"wp","href":"https:\/\/api.w.org\/{rel}","templated":true}]}}