{"id":224,"date":"2020-02-20T12:11:03","date_gmt":"2020-02-20T11:11:03","guid":{"rendered":"http:\/\/www.altec-equipment.com\/?post_type=product&#038;p=224"},"modified":"2020-10-02T13:20:57","modified_gmt":"2020-10-02T11:20:57","slug":"vanne-tiroir-inox","status":"publish","type":"product","link":"https:\/\/www.altec-equipment.com\/?product=vanne-tiroir-inox","title":{"rendered":"Vanne tiroir Inox"},"content":{"rendered":"<p>&nbsp;<\/p>\n<p>Les vannes tiroir HVA s\u00e9rie 11000 sont con\u00e7ues pour les applications de vide pouss\u00e9. Ces vannes fournissent des vannes pour les cryopompes, les turbopompes, les pompes ioniques et d&rsquo;autres applications n\u00e9cessitant des vannes propres et \u00e0 faible d\u00e9gazage. Les brides CF avec joints m\u00e9tal assurent la compatibilit\u00e9 avec les syst\u00e8mes UHV lorsque les plages de pression d&rsquo;environ 1 x 10-10 mbar et que des temp\u00e9ratures d&rsquo;\u00e9tuvage sup\u00e9rieures \u00e0 200\u00b0C sont n\u00e9cessaires. Ces vannes peuvent \u00e9galement \u00eatre configur\u00e9es pour des temp\u00e9ratures plus \u00e9lev\u00e9es.<\/p>\n<p>Pour plus d&rsquo;informations: <a href=\"https:\/\/www.highvac.com\/products\/valves\/11000-series-stainless-steel-gate-valves\/\" target=\"_blank\" rel=\"noopener noreferrer\"><span style=\"color: #0000ff;\"><strong>cliquer ici<\/strong><\/span><\/a>.<\/p>\n","protected":false},"excerpt":{"rendered":"<p>&nbsp; Les vannes tiroir HVA s\u00e9rie 11000 sont con\u00e7ues pour les applications de vide pouss\u00e9. Ces vannes fournissent des vannes pour les cryopompes, les turbopompes, les pompes ioniques et d&rsquo;autres applications n\u00e9cessitant des vannes propres et \u00e0 faible d\u00e9gazage. Les brides CF avec joints m\u00e9tal assurent la compatibilit\u00e9 avec les syst\u00e8mes UHV lorsque les plages [&hellip;]<\/p>\n","protected":false},"featured_media":456,"comment_status":"open","ping_status":"closed","template":"","meta":[],"product_cat":[20],"product_tag":[],"_links":{"self":[{"href":"https:\/\/www.altec-equipment.com\/index.php?rest_route=\/wp\/v2\/product\/224"}],"collection":[{"href":"https:\/\/www.altec-equipment.com\/index.php?rest_route=\/wp\/v2\/product"}],"about":[{"href":"https:\/\/www.altec-equipment.com\/index.php?rest_route=\/wp\/v2\/types\/product"}],"replies":[{"embeddable":true,"href":"https:\/\/www.altec-equipment.com\/index.php?rest_route=%2Fwp%2Fv2%2Fcomments&post=224"}],"wp:featuredmedia":[{"embeddable":true,"href":"https:\/\/www.altec-equipment.com\/index.php?rest_route=\/wp\/v2\/media\/456"}],"wp:attachment":[{"href":"https:\/\/www.altec-equipment.com\/index.php?rest_route=%2Fwp%2Fv2%2Fmedia&parent=224"}],"wp:term":[{"taxonomy":"product_cat","embeddable":true,"href":"https:\/\/www.altec-equipment.com\/index.php?rest_route=%2Fwp%2Fv2%2Fproduct_cat&post=224"},{"taxonomy":"product_tag","embeddable":true,"href":"https:\/\/www.altec-equipment.com\/index.php?rest_route=%2Fwp%2Fv2%2Fproduct_tag&post=224"}],"curies":[{"name":"wp","href":"https:\/\/api.w.org\/{rel}","templated":true}]}}