{"id":229,"date":"2020-02-20T12:12:26","date_gmt":"2020-02-20T11:12:26","guid":{"rendered":"http:\/\/www.altec-equipment.com\/?post_type=product&#038;p=229"},"modified":"2020-10-02T13:59:57","modified_gmt":"2020-10-02T11:59:57","slug":"vanne-tiroir-3-positions","status":"publish","type":"product","link":"https:\/\/www.altec-equipment.com\/?product=vanne-tiroir-3-positions","title":{"rendered":"Vanne tiroir 3 positions"},"content":{"rendered":"<p>&nbsp;<\/p>\n<p>Les vannes 3 positions HVA sont con\u00e7ues pour \u00eatre utilis\u00e9es dans la gravure, la CVD et tout autre processus n\u00e9cessitant un contr\u00f4le de la pression. Lorsqu&rsquo;elle est utilis\u00e9e avec des r\u00e9gulateurs de d\u00e9bit massique en amont, cette s\u00e9rie contribuera \u00e0 une capacit\u00e9 de contr\u00f4le de pression exceptionnelle. Ces vannes peuvent \u00e9galement \u00eatre utilis\u00e9es pour lisser la transition du vide grossier vers le vide pouss\u00e9. Les vannes utilisent deux sol\u00e9no\u00efdes pneumatiques et un r\u00e9gulateur de pression d&rsquo;air pour atteindre les trois positions: compl\u00e8tement ouverte, compl\u00e8tement ferm\u00e9e et une troisi\u00e8me position r\u00e9glable. Un sol\u00e9no\u00efde contr\u00f4le les positions compl\u00e8tement ouverte et compl\u00e8tement ferm\u00e9e tandis qu&rsquo;un second sol\u00e9no\u00efde contr\u00f4le la troisi\u00e8me position.<\/p>\n<p>Pour plus d&rsquo;informations: <a href=\"https:\/\/www.highvac.com\/products\/valves\/21700-series-stainless-steel-3-position-valve\/\" target=\"_blank\" rel=\"noopener noreferrer\"><span style=\"color: #0000ff;\"><strong>cliquer ici<\/strong><\/span><\/a>.<\/p>\n","protected":false},"excerpt":{"rendered":"<p>&nbsp; Les vannes 3 positions HVA sont con\u00e7ues pour \u00eatre utilis\u00e9es dans la gravure, la CVD et tout autre processus n\u00e9cessitant un contr\u00f4le de la pression. Lorsqu&rsquo;elle est utilis\u00e9e avec des r\u00e9gulateurs de d\u00e9bit massique en amont, cette s\u00e9rie contribuera \u00e0 une capacit\u00e9 de contr\u00f4le de pression exceptionnelle. Ces vannes peuvent \u00e9galement \u00eatre utilis\u00e9es pour [&hellip;]<\/p>\n","protected":false},"featured_media":460,"comment_status":"open","ping_status":"closed","template":"","meta":[],"product_cat":[20],"product_tag":[],"_links":{"self":[{"href":"https:\/\/www.altec-equipment.com\/index.php?rest_route=\/wp\/v2\/product\/229"}],"collection":[{"href":"https:\/\/www.altec-equipment.com\/index.php?rest_route=\/wp\/v2\/product"}],"about":[{"href":"https:\/\/www.altec-equipment.com\/index.php?rest_route=\/wp\/v2\/types\/product"}],"replies":[{"embeddable":true,"href":"https:\/\/www.altec-equipment.com\/index.php?rest_route=%2Fwp%2Fv2%2Fcomments&post=229"}],"wp:featuredmedia":[{"embeddable":true,"href":"https:\/\/www.altec-equipment.com\/index.php?rest_route=\/wp\/v2\/media\/460"}],"wp:attachment":[{"href":"https:\/\/www.altec-equipment.com\/index.php?rest_route=%2Fwp%2Fv2%2Fmedia&parent=229"}],"wp:term":[{"taxonomy":"product_cat","embeddable":true,"href":"https:\/\/www.altec-equipment.com\/index.php?rest_route=%2Fwp%2Fv2%2Fproduct_cat&post=229"},{"taxonomy":"product_tag","embeddable":true,"href":"https:\/\/www.altec-equipment.com\/index.php?rest_route=%2Fwp%2Fv2%2Fproduct_tag&post=229"}],"curies":[{"name":"wp","href":"https:\/\/api.w.org\/{rel}","templated":true}]}}