{"id":230,"date":"2020-02-20T12:13:18","date_gmt":"2020-02-20T11:13:18","guid":{"rendered":"http:\/\/www.altec-equipment.com\/?post_type=product&#038;p=230"},"modified":"2020-10-02T14:04:07","modified_gmt":"2020-10-02T12:04:07","slug":"vanne-tiroir-alu","status":"publish","type":"product","link":"https:\/\/www.altec-equipment.com\/?product=vanne-tiroir-alu","title":{"rendered":"Vanne tiroir Alu"},"content":{"rendered":"<p>&nbsp;<\/p>\n<p>Les vannes tiroir en aluminium HVA de la s\u00e9rie 81000 sont con\u00e7ues pour les applications \u00e0 vide pouss\u00e9, en particulier lorsque les plages de pression sont d&rsquo;environ 1 x 10-7 mbar et que les temp\u00e9ratures d&rsquo;\u00e9tuvage ne d\u00e9passent pas 150\u00b0C. Ces vannes sont con\u00e7ues pour les int\u00e9grateurs de syst\u00e8mes, les concepteurs et les \u00e9quipementiers des industries de semi-conducteurs, du solaire, des LED\/FPD, des rev\u00eatements et des produits bio-pharmaceutiques en raison de leur conception robuste et de leur faible co\u00fbt. Elles sont dot\u00e9es de corps en aluminium haute r\u00e9sistance usin\u00e9s avec pr\u00e9cision \u00e0 partir de blocs solides 6061-T6, de joints d&rsquo;arbre longue dur\u00e9e \u00e0 double anneau et de composants PEEK haute performance.<\/p>\n<p>Pour plus d&rsquo;informations: <a href=\"https:\/\/www.highvac.com\/products\/valves\/81000-series-aluminum-gate-valve\/\" target=\"_blank\" rel=\"noopener noreferrer\"><span style=\"color: #0000ff;\"><strong>cliquer ici<\/strong><\/span><\/a>.<\/p>\n","protected":false},"excerpt":{"rendered":"<p>&nbsp; Les vannes tiroir en aluminium HVA de la s\u00e9rie 81000 sont con\u00e7ues pour les applications \u00e0 vide pouss\u00e9, en particulier lorsque les plages de pression sont d&rsquo;environ 1 x 10-7 mbar et que les temp\u00e9ratures d&rsquo;\u00e9tuvage ne d\u00e9passent pas 150\u00b0C. Ces vannes sont con\u00e7ues pour les int\u00e9grateurs de syst\u00e8mes, les concepteurs et les \u00e9quipementiers [&hellip;]<\/p>\n","protected":false},"featured_media":461,"comment_status":"open","ping_status":"closed","template":"","meta":[],"product_cat":[20],"product_tag":[],"_links":{"self":[{"href":"https:\/\/www.altec-equipment.com\/index.php?rest_route=\/wp\/v2\/product\/230"}],"collection":[{"href":"https:\/\/www.altec-equipment.com\/index.php?rest_route=\/wp\/v2\/product"}],"about":[{"href":"https:\/\/www.altec-equipment.com\/index.php?rest_route=\/wp\/v2\/types\/product"}],"replies":[{"embeddable":true,"href":"https:\/\/www.altec-equipment.com\/index.php?rest_route=%2Fwp%2Fv2%2Fcomments&post=230"}],"wp:featuredmedia":[{"embeddable":true,"href":"https:\/\/www.altec-equipment.com\/index.php?rest_route=\/wp\/v2\/media\/461"}],"wp:attachment":[{"href":"https:\/\/www.altec-equipment.com\/index.php?rest_route=%2Fwp%2Fv2%2Fmedia&parent=230"}],"wp:term":[{"taxonomy":"product_cat","embeddable":true,"href":"https:\/\/www.altec-equipment.com\/index.php?rest_route=%2Fwp%2Fv2%2Fproduct_cat&post=230"},{"taxonomy":"product_tag","embeddable":true,"href":"https:\/\/www.altec-equipment.com\/index.php?rest_route=%2Fwp%2Fv2%2Fproduct_tag&post=230"}],"curies":[{"name":"wp","href":"https:\/\/api.w.org\/{rel}","templated":true}]}}