{"id":236,"date":"2020-02-20T12:30:53","date_gmt":"2020-02-20T11:30:53","guid":{"rendered":"http:\/\/www.altec-equipment.com\/?post_type=product&#038;p=236"},"modified":"2020-11-12T10:43:14","modified_gmt":"2020-11-12T09:43:14","slug":"jauges-a-vide-active","status":"publish","type":"product","link":"https:\/\/www.altec-equipment.com\/?product=jauges-a-vide-active","title":{"rendered":"Jauge \u00e0 vide active"},"content":{"rendered":"<p>&nbsp;<\/p>\n<p>Televac de la soci\u00e9t\u00e9 Fredericks con\u00e7oit et fabrique des jauges \u00e0 vide actives (jauges avec \u00e9lectronique embarqu\u00e9e) qui combinent les jauges passives de Televac et l&rsquo;\u00e9lectronique de contr\u00f4le en une seule unit\u00e9 compacte pour la mesure de la pression.<\/p>\n<p>Les jauges num\u00e9riques et analogiques Televac couvrent toute la gamme de vide de 10-11 Torr \u00e0 1000 Torr, disposent d&rsquo;\u00e9crans OLED lumineux et de commandes tactiles faciles \u00e0 utiliser, en plus des ports s\u00e9rie RS-485, permettant \u00e0 l&rsquo;utilisateur d&rsquo;ajuster des param\u00e8tres tels que unit\u00e9s de mesure, points de consigne et \u00e9talonnage directement via l&rsquo;\u00e9cran de l&rsquo;unit\u00e9 ou \u00e0 distance via des communications num\u00e9riques.<\/p>\n<p>Ces jauges \u00e0 vide analogiques et ces jauges \u00e0 vide num\u00e9riques sont une solution compacte, facile \u00e0 utiliser et \u00e9conomique pour une large gamme d&rsquo;applications de mesure du vide, les plus courantes \u00e9tant les fours de traitement thermique sous vide, le d\u00e9p\u00f4t de couches minces et les \u00e9quipements de fabrication de semi-conducteurs.<\/p>\n<p>Pour plus d&rsquo;informations: <a href=\"https:\/\/www.frederickscompany.com\/product_category\/active-vacuum-gauges\/\" target=\"_blank\" rel=\"noopener noreferrer\"><span style=\"color: #0000ff;\"><strong>cliquer ici<\/strong><\/span><\/a>.<\/p>\n","protected":false},"excerpt":{"rendered":"<p>&nbsp; Televac de la soci\u00e9t\u00e9 Fredericks con\u00e7oit et fabrique des jauges \u00e0 vide actives (jauges avec \u00e9lectronique embarqu\u00e9e) qui combinent les jauges passives de Televac et l&rsquo;\u00e9lectronique de contr\u00f4le en une seule unit\u00e9 compacte pour la mesure de la pression. Les jauges num\u00e9riques et analogiques Televac couvrent toute la gamme de vide de 10-11 Torr [&hellip;]<\/p>\n","protected":false},"featured_media":412,"comment_status":"open","ping_status":"closed","template":"","meta":[],"product_cat":[21],"product_tag":[],"_links":{"self":[{"href":"https:\/\/www.altec-equipment.com\/index.php?rest_route=\/wp\/v2\/product\/236"}],"collection":[{"href":"https:\/\/www.altec-equipment.com\/index.php?rest_route=\/wp\/v2\/product"}],"about":[{"href":"https:\/\/www.altec-equipment.com\/index.php?rest_route=\/wp\/v2\/types\/product"}],"replies":[{"embeddable":true,"href":"https:\/\/www.altec-equipment.com\/index.php?rest_route=%2Fwp%2Fv2%2Fcomments&post=236"}],"wp:featuredmedia":[{"embeddable":true,"href":"https:\/\/www.altec-equipment.com\/index.php?rest_route=\/wp\/v2\/media\/412"}],"wp:attachment":[{"href":"https:\/\/www.altec-equipment.com\/index.php?rest_route=%2Fwp%2Fv2%2Fmedia&parent=236"}],"wp:term":[{"taxonomy":"product_cat","embeddable":true,"href":"https:\/\/www.altec-equipment.com\/index.php?rest_route=%2Fwp%2Fv2%2Fproduct_cat&post=236"},{"taxonomy":"product_tag","embeddable":true,"href":"https:\/\/www.altec-equipment.com\/index.php?rest_route=%2Fwp%2Fv2%2Fproduct_tag&post=236"}],"curies":[{"name":"wp","href":"https:\/\/api.w.org\/{rel}","templated":true}]}}