{"id":244,"date":"2020-02-20T12:40:21","date_gmt":"2020-02-20T11:40:21","guid":{"rendered":"http:\/\/www.altec-equipment.com\/?post_type=product&#038;p=244"},"modified":"2020-11-12T10:41:25","modified_gmt":"2020-11-12T09:41:25","slug":"jauge-a-vide","status":"publish","type":"product","link":"https:\/\/www.altec-equipment.com\/?product=jauge-a-vide","title":{"rendered":"Jauge \u00e0 vide passive"},"content":{"rendered":"<p>&nbsp;<\/p>\n<p>Televac de la soci\u00e9t\u00e9 Fredericks con\u00e7oit et fabrique des jauges passives incluant des jauges \u00e0 vide \u00e0 thermocouple, des jauges de convection (\u00e9galement appel\u00e9es jauges Pirani) et des jauges \u00e0 membrane pour la mesure de vide faible avec des jauges \u00e0 cathode froide (\u00e9galement appel\u00e9es Jauges Penning) et jauges d&rsquo;ions chauds pour la mesure de vide pouss\u00e9.<\/p>\n<p>Toutes les jauges passives Televac n\u00e9cessitent un contr\u00f4leur ou une jauge active afin de fournir des mesures \u00e0 un utilisateur final. Les contr\u00f4leurs se connectent aux jauges passives avec des c\u00e2bles, tandis qu&rsquo;une t\u00eate \u00e9lectronique de jauge active se branche directement sur une jauge passive.<\/p>\n<p>Televac a con\u00e7u toutes ses jauges de vide pour qu&rsquo;elles soient rentables, robustes, r\u00e9sistantes \u00e0 la contamination et optimis\u00e9es pour une vari\u00e9t\u00e9 d&rsquo;applications et d&rsquo;environnements.<\/p>\n<p>Pour plus d&rsquo;informations: <a href=\"https:\/\/www.frederickscompany.com\/product_category\/vacuum-gauges\/\" target=\"_blank\" rel=\"noopener noreferrer\"><span style=\"color: #0000ff;\"><strong>cliquer ici<\/strong><\/span><\/a>.<\/p>\n","protected":false},"excerpt":{"rendered":"<p>&nbsp; Televac de la soci\u00e9t\u00e9 Fredericks con\u00e7oit et fabrique des jauges passives incluant des jauges \u00e0 vide \u00e0 thermocouple, des jauges de convection (\u00e9galement appel\u00e9es jauges Pirani) et des jauges \u00e0 membrane pour la mesure de vide faible avec des jauges \u00e0 cathode froide (\u00e9galement appel\u00e9es Jauges Penning) et jauges d&rsquo;ions chauds pour la mesure [&hellip;]<\/p>\n","protected":false},"featured_media":405,"comment_status":"open","ping_status":"closed","template":"","meta":[],"product_cat":[21],"product_tag":[],"_links":{"self":[{"href":"https:\/\/www.altec-equipment.com\/index.php?rest_route=\/wp\/v2\/product\/244"}],"collection":[{"href":"https:\/\/www.altec-equipment.com\/index.php?rest_route=\/wp\/v2\/product"}],"about":[{"href":"https:\/\/www.altec-equipment.com\/index.php?rest_route=\/wp\/v2\/types\/product"}],"replies":[{"embeddable":true,"href":"https:\/\/www.altec-equipment.com\/index.php?rest_route=%2Fwp%2Fv2%2Fcomments&post=244"}],"wp:featuredmedia":[{"embeddable":true,"href":"https:\/\/www.altec-equipment.com\/index.php?rest_route=\/wp\/v2\/media\/405"}],"wp:attachment":[{"href":"https:\/\/www.altec-equipment.com\/index.php?rest_route=%2Fwp%2Fv2%2Fmedia&parent=244"}],"wp:term":[{"taxonomy":"product_cat","embeddable":true,"href":"https:\/\/www.altec-equipment.com\/index.php?rest_route=%2Fwp%2Fv2%2Fproduct_cat&post=244"},{"taxonomy":"product_tag","embeddable":true,"href":"https:\/\/www.altec-equipment.com\/index.php?rest_route=%2Fwp%2Fv2%2Fproduct_tag&post=244"}],"curies":[{"name":"wp","href":"https:\/\/api.w.org\/{rel}","templated":true}]}}