{"id":259,"date":"2020-02-20T12:41:33","date_gmt":"2020-02-20T11:41:33","guid":{"rendered":"http:\/\/www.altec-equipment.com\/?post_type=product&#038;p=259"},"modified":"2020-09-18T13:47:29","modified_gmt":"2020-09-18T11:47:29","slug":"analyseur-de-gaz-residuel-rga","status":"publish","type":"product","link":"https:\/\/www.altec-equipment.com\/?product=analyseur-de-gaz-residuel-rga","title":{"rendered":"Analyseur de gaz r\u00e9siduel (RGA)"},"content":{"rendered":"<p>&nbsp;<\/p>\n<p>Les syst\u00e8mes RGA Extrel combinent un analyseur de gaz r\u00e9siduel (RGA), une jauge ionique et une jauge Pirani dans l&rsquo;outil de diagnostic de vide id\u00e9al \u00e0 un prix tr\u00e8s abordable. Il est fiable et facile \u00e0 utiliser.<\/p>\n<p>Le RGA Extrel est disponible en 2 gammes de masse, 1 \u00e0 100 amu ou 1 \u00e0 300 amu. Le syst\u00e8me est livr\u00e9 en standard avec un d\u00e9tecteur Faraday ou un double d\u00e9tecteur Faraday\/multiplicateur d&rsquo;\u00e9lectrons en option.<\/p>\n<p>Le RGA Extrel utilise la communication RS-232C ou USB avec les syst\u00e8mes d&rsquo;exploitation Windows XP ou 7. Le logiciel est puissant et facile \u00e0 utiliser.<\/p>\n<p>Pour plus d&rsquo;informations: <a href=\"https:\/\/www.extrel.com\/Module\/Catalog\/ProductsCategory\/default\/Quadrupole_Mass_Spectrometers_and_Residual_Gas_Analyzers\/Extrel_RGA?id=104\"><span style=\"color: #0000ff;\"><strong>cliquer ici<\/strong><\/span><\/a>.<\/p>\n","protected":false},"excerpt":{"rendered":"<p>&nbsp; Les syst\u00e8mes RGA Extrel combinent un analyseur de gaz r\u00e9siduel (RGA), une jauge ionique et une jauge Pirani dans l&rsquo;outil de diagnostic de vide id\u00e9al \u00e0 un prix tr\u00e8s abordable. Il est fiable et facile \u00e0 utiliser. Le RGA Extrel est disponible en 2 gammes de masse, 1 \u00e0 100 amu ou 1 \u00e0 [&hellip;]<\/p>\n","protected":false},"featured_media":431,"comment_status":"open","ping_status":"closed","template":"","meta":[],"product_cat":[22],"product_tag":[],"_links":{"self":[{"href":"https:\/\/www.altec-equipment.com\/index.php?rest_route=\/wp\/v2\/product\/259"}],"collection":[{"href":"https:\/\/www.altec-equipment.com\/index.php?rest_route=\/wp\/v2\/product"}],"about":[{"href":"https:\/\/www.altec-equipment.com\/index.php?rest_route=\/wp\/v2\/types\/product"}],"replies":[{"embeddable":true,"href":"https:\/\/www.altec-equipment.com\/index.php?rest_route=%2Fwp%2Fv2%2Fcomments&post=259"}],"wp:featuredmedia":[{"embeddable":true,"href":"https:\/\/www.altec-equipment.com\/index.php?rest_route=\/wp\/v2\/media\/431"}],"wp:attachment":[{"href":"https:\/\/www.altec-equipment.com\/index.php?rest_route=%2Fwp%2Fv2%2Fmedia&parent=259"}],"wp:term":[{"taxonomy":"product_cat","embeddable":true,"href":"https:\/\/www.altec-equipment.com\/index.php?rest_route=%2Fwp%2Fv2%2Fproduct_cat&post=259"},{"taxonomy":"product_tag","embeddable":true,"href":"https:\/\/www.altec-equipment.com\/index.php?rest_route=%2Fwp%2Fv2%2Fproduct_tag&post=259"}],"curies":[{"name":"wp","href":"https:\/\/api.w.org\/{rel}","templated":true}]}}