{"id":260,"date":"2020-02-20T12:41:45","date_gmt":"2020-02-20T11:41:45","guid":{"rendered":"http:\/\/www.altec-equipment.com\/?post_type=product&#038;p=260"},"modified":"2020-09-18T14:03:11","modified_gmt":"2020-09-18T12:03:11","slug":"spectrometre-de-masse-quadripolaire","status":"publish","type":"product","link":"https:\/\/www.altec-equipment.com\/?product=spectrometre-de-masse-quadripolaire","title":{"rendered":"Spectrom\u00e8tre de masse quadripolaire"},"content":{"rendered":"<p>&nbsp;<\/p>\n<p>Extrel propose une large gamme de spectrom\u00e8tres de masse quadripolaires (QMS) mont\u00e9s sur bride qui peuvent s&rsquo;adapter \u00e0 n&rsquo;importe quelle application ou budget. Leurs produits comprennent les syst\u00e8mes MAX haute performance pour la recherche et les syst\u00e8mes MAX-LT haute performance \u00e0 usage g\u00e9n\u00e9ral.<\/p>\n<p>Tous ces syst\u00e8mes comprennent un ioniseur, un filtre de masse quadripolaire, un d\u00e9tecteur, une bride de montage, des blocs d&rsquo;alimentation, une \u00e9lectronique de commande et un logiciel. Ils peuvent \u00eatre utilis\u00e9s comme noyau d&rsquo;un nouveau syst\u00e8me de spectrom\u00e8tre de masse, ou comme moyen d&rsquo;ajouter la spectrom\u00e9trie de masse \u00e0 un syst\u00e8me existant ou comme outil de diagnostic.<\/p>\n<p>Les spectrom\u00e8tres de masse mont\u00e9s sur bride MAX sont de puissants instruments de recherche. Ils offrent les meilleures performances et le plus large \u00e9ventail d&rsquo;options de tous leurs syst\u00e8mes. Ils sont propos\u00e9s dans des gammes de masse allant de 1 \u00e0 50 amu jusqu&rsquo;\u00e0 20 \u00e0 16.000 amu et peuvent \u00eatre mis \u00e0 niveau pour un fonctionnement MS\/MS. Les applications typiques des syst\u00e8mes MAX comprennent: l&rsquo;analyse des clusters et des biomol\u00e9cules, les \u00e9tudes de chimie atmosph\u00e9rique, les \u00e9tudes de plasma et de combustion, l&rsquo;analyse des mat\u00e9riaux et l&rsquo;analyse He\/D2.<\/p>\n<p>Pour plus d&rsquo;informations: <a href=\"https:\/\/www.extrel.com\/Module\/Catalog\/ProductsCategory\/default\/Quadrupole_Mass_Spectrometers_and_Residual_Gas_Analyzers?id=31\"><span style=\"color: #0000ff;\"><strong>cliquer ici<\/strong><\/span><\/a>.<\/p>\n","protected":false},"excerpt":{"rendered":"<p>&nbsp; Extrel propose une large gamme de spectrom\u00e8tres de masse quadripolaires (QMS) mont\u00e9s sur bride qui peuvent s&rsquo;adapter \u00e0 n&rsquo;importe quelle application ou budget. Leurs produits comprennent les syst\u00e8mes MAX haute performance pour la recherche et les syst\u00e8mes MAX-LT haute performance \u00e0 usage g\u00e9n\u00e9ral. Tous ces syst\u00e8mes comprennent un ioniseur, un filtre de masse quadripolaire, [&hellip;]<\/p>\n","protected":false},"featured_media":433,"comment_status":"open","ping_status":"closed","template":"","meta":[],"product_cat":[22],"product_tag":[],"_links":{"self":[{"href":"https:\/\/www.altec-equipment.com\/index.php?rest_route=\/wp\/v2\/product\/260"}],"collection":[{"href":"https:\/\/www.altec-equipment.com\/index.php?rest_route=\/wp\/v2\/product"}],"about":[{"href":"https:\/\/www.altec-equipment.com\/index.php?rest_route=\/wp\/v2\/types\/product"}],"replies":[{"embeddable":true,"href":"https:\/\/www.altec-equipment.com\/index.php?rest_route=%2Fwp%2Fv2%2Fcomments&post=260"}],"wp:featuredmedia":[{"embeddable":true,"href":"https:\/\/www.altec-equipment.com\/index.php?rest_route=\/wp\/v2\/media\/433"}],"wp:attachment":[{"href":"https:\/\/www.altec-equipment.com\/index.php?rest_route=%2Fwp%2Fv2%2Fmedia&parent=260"}],"wp:term":[{"taxonomy":"product_cat","embeddable":true,"href":"https:\/\/www.altec-equipment.com\/index.php?rest_route=%2Fwp%2Fv2%2Fproduct_cat&post=260"},{"taxonomy":"product_tag","embeddable":true,"href":"https:\/\/www.altec-equipment.com\/index.php?rest_route=%2Fwp%2Fv2%2Fproduct_tag&post=260"}],"curies":[{"name":"wp","href":"https:\/\/api.w.org\/{rel}","templated":true}]}}