{"id":261,"date":"2020-02-20T12:41:56","date_gmt":"2020-02-20T11:41:56","guid":{"rendered":"http:\/\/www.altec-equipment.com\/?post_type=product&#038;p=261"},"modified":"2020-09-18T14:33:47","modified_gmt":"2020-09-18T12:33:47","slug":"systemes-d-analyse-de-gaz","status":"publish","type":"product","link":"https:\/\/www.altec-equipment.com\/?product=systemes-d-analyse-de-gaz","title":{"rendered":"Syst\u00e8mes d&rsquo;analyse de gaz"},"content":{"rendered":"<p>&nbsp;<\/p>\n<p>Extrel propose diff\u00e9rents types de syst\u00e8mes d&rsquo;analyse de gaz.<\/p>\n<p><strong>Les syst\u00e8mes d&rsquo;analyse par faisceau mol\u00e9culaire et plasma VeraSpec.<\/strong><br \/>\nLes syst\u00e8mes de spectrom\u00e9trie de masse \u00e0 faisceau mol\u00e9culaire VeraSpec d&rsquo;Extrel sont con\u00e7us pour une analyse stable, pr\u00e9cise et \u00e0 haute sensibilit\u00e9 des processus de 10 \u00e0 4 torr jusqu&rsquo;\u00e0 la pression atmosph\u00e9rique et au-del\u00e0. Les syst\u00e8mes comprennent un syst\u00e8me de spectrom\u00e8tre de masse quadripolaire complet, \u00e9quip\u00e9 d&rsquo;un logiciel complet, d&rsquo;un syst\u00e8me d&rsquo;\u00e9chantillonnage et d&rsquo;orifice (s) d&rsquo;\u00e9chantillonnage. La conception \u00e0 angle droit \u00e0 faible bruit peut fournir une analyse d&rsquo;\u00e9nergie ainsi qu&rsquo;une analyse de masse.<br \/>\nPour plus d&rsquo;informations: <span style=\"color: #0000ff;\"><strong><a style=\"color: #0000ff;\" href=\"https:\/\/www.extrel.com\/Module\/Catalog\/ProductsCategory\/default\/Gas_Analysis_Systems\/VeraSpec_Molecular_Beam_and_Plasma_Analysis_Systems?id=34\">cliquer ici<\/a><\/strong><\/span>.<\/p>\n<p><strong>Le VeraSpec HRQ.<br \/>\n<\/strong>Le VeraSpec HRQ, quadrip\u00f4le haute r\u00e9solution, offre une r\u00e9solution, une sensibilit\u00e9 et une sensibilit\u00e9 d&rsquo;abondance exceptionnelles pour l&rsquo;analyse isotopique fine des gaz de faible poids mol\u00e9culaire. Ce syst\u00e8me est con\u00e7u pour l&rsquo;analyse de masse de pr\u00e9cision des esp\u00e8ces de faible poids mol\u00e9culaire, tout en offrant des caract\u00e9ristiques de transmission exceptionnelles.<br \/>\nLe VeraSpec HRQ a la r\u00e9solution et la sensibilit\u00e9 n\u00e9cessaires pour g\u00e9rer l&rsquo;analyse de l&rsquo;hydrog\u00e8ne et de l&rsquo;h\u00e9lium \/ deut\u00e9rium ainsi que l&rsquo;analyse isotopique.<br \/>\nPour plus d&rsquo;informations: <a href=\"https:\/\/www.extrel.com\/Module\/Catalog\/ProductsCategory\/default\/Gas_Analysis_Systems\/VeraSpec_HRQ?id=91\"><span style=\"color: #0000ff;\"><strong>cliquer ici<\/strong><\/span><\/a>.<\/p>\n<p><strong>Analyseur de gaz de laboratoire MAX300-CAT<\/strong><br \/>\n<span class=\"tlid-translation translation\" lang=\"fr\"><span title=\"\">Le nouveau MAX300-CAT: analyse rapide et flexible des gaz de laboratoire<\/span><br \/>\n<span class=\"\" title=\"\">Le MAX300-CAT est un analyseur de gaz quantitatif \u00e0 haute sensibilit\u00e9 pour la catalyse, la surveillance des r\u00e9actions et la recherche environnementale.<\/span><\/span><br \/>\nPour plus d&rsquo;informations: <a href=\"https:\/\/www.extrel.com\/Module\/Catalog\/ProductsCategory\/default\/Gas_Analysis_Systems\/MAX300-CAT_Laboratory_Gas_Analyzer?id=115\"><span style=\"color: #0000ff;\"><strong>cliquer ici<\/strong><\/span><\/a>.<\/p>\n<p>D&rsquo;autres syst\u00e8mes sont disponibles en suivant <a href=\"https:\/\/www.extrel.com\/Module\/Catalog\/ProductsCategory\/default\/Gas_Analysis_Systems?id=36\"><span style=\"color: #0000ff;\"><strong>ce lien<\/strong><\/span><\/a>.<\/p>\n","protected":false},"excerpt":{"rendered":"<p>&nbsp; Extrel propose diff\u00e9rents types de syst\u00e8mes d&rsquo;analyse de gaz. Les syst\u00e8mes d&rsquo;analyse par faisceau mol\u00e9culaire et plasma VeraSpec. Les syst\u00e8mes de spectrom\u00e9trie de masse \u00e0 faisceau mol\u00e9culaire VeraSpec d&rsquo;Extrel sont con\u00e7us pour une analyse stable, pr\u00e9cise et \u00e0 haute sensibilit\u00e9 des processus de 10 \u00e0 4 torr jusqu&rsquo;\u00e0 la pression atmosph\u00e9rique et au-del\u00e0. Les [&hellip;]<\/p>\n","protected":false},"featured_media":435,"comment_status":"open","ping_status":"closed","template":"","meta":[],"product_cat":[22],"product_tag":[],"_links":{"self":[{"href":"https:\/\/www.altec-equipment.com\/index.php?rest_route=\/wp\/v2\/product\/261"}],"collection":[{"href":"https:\/\/www.altec-equipment.com\/index.php?rest_route=\/wp\/v2\/product"}],"about":[{"href":"https:\/\/www.altec-equipment.com\/index.php?rest_route=\/wp\/v2\/types\/product"}],"replies":[{"embeddable":true,"href":"https:\/\/www.altec-equipment.com\/index.php?rest_route=%2Fwp%2Fv2%2Fcomments&post=261"}],"wp:featuredmedia":[{"embeddable":true,"href":"https:\/\/www.altec-equipment.com\/index.php?rest_route=\/wp\/v2\/media\/435"}],"wp:attachment":[{"href":"https:\/\/www.altec-equipment.com\/index.php?rest_route=%2Fwp%2Fv2%2Fmedia&parent=261"}],"wp:term":[{"taxonomy":"product_cat","embeddable":true,"href":"https:\/\/www.altec-equipment.com\/index.php?rest_route=%2Fwp%2Fv2%2Fproduct_cat&post=261"},{"taxonomy":"product_tag","embeddable":true,"href":"https:\/\/www.altec-equipment.com\/index.php?rest_route=%2Fwp%2Fv2%2Fproduct_tag&post=261"}],"curies":[{"name":"wp","href":"https:\/\/api.w.org\/{rel}","templated":true}]}}