{"id":265,"date":"2020-02-20T12:46:05","date_gmt":"2020-02-20T11:46:05","guid":{"rendered":"http:\/\/www.altec-equipment.com\/?post_type=product&#038;p=265"},"modified":"2021-01-18T14:32:50","modified_gmt":"2021-01-18T13:32:50","slug":"connecteurs-serie","status":"publish","type":"product","link":"https:\/\/www.altec-equipment.com\/?product=connecteurs-serie","title":{"rendered":"Connecteurs s\u00e9rie"},"content":{"rendered":"<p>&nbsp;<\/p>\n<p>Sp\u00e9cifications des connecteurs standard<\/p>\n<p>Tensions jusqu&rsquo;\u00e0 12 kV DC<\/p>\n<p>Courant jusqu&rsquo;\u00e0 250 amp\u00e8res<\/p>\n<p>Conducteurs: jusqu&rsquo;\u00e0 62 broches<\/p>\n<p>Gamme de temp\u00e9rature de -269\u00b0C \u00e0 450\u00b0C<\/p>\n<p>Pression interne 1&#215;10-10 Torr jusqu&rsquo;\u00e0 3500 psig<\/p>\n<p>Pour plus d&rsquo;informations: <a href=\"https:\/\/www.solidsealing.com\/products\/feedthroughs\/\"><span style=\"color: #0000ff;\"><strong>cliquer ici<\/strong><\/span><\/a>.<\/p>\n","protected":false},"excerpt":{"rendered":"<p>&nbsp; Sp\u00e9cifications des connecteurs standard Tensions jusqu&rsquo;\u00e0 12 kV DC Courant jusqu&rsquo;\u00e0 250 amp\u00e8res Conducteurs: jusqu&rsquo;\u00e0 62 broches Gamme de temp\u00e9rature de -269\u00b0C \u00e0 450\u00b0C Pression interne 1&#215;10-10 Torr jusqu&rsquo;\u00e0 3500 psig Pour plus d&rsquo;informations: cliquer ici.<\/p>\n","protected":false},"featured_media":266,"comment_status":"open","ping_status":"closed","template":"","meta":[],"product_cat":[23],"product_tag":[],"_links":{"self":[{"href":"https:\/\/www.altec-equipment.com\/index.php?rest_route=\/wp\/v2\/product\/265"}],"collection":[{"href":"https:\/\/www.altec-equipment.com\/index.php?rest_route=\/wp\/v2\/product"}],"about":[{"href":"https:\/\/www.altec-equipment.com\/index.php?rest_route=\/wp\/v2\/types\/product"}],"replies":[{"embeddable":true,"href":"https:\/\/www.altec-equipment.com\/index.php?rest_route=%2Fwp%2Fv2%2Fcomments&post=265"}],"wp:featuredmedia":[{"embeddable":true,"href":"https:\/\/www.altec-equipment.com\/index.php?rest_route=\/wp\/v2\/media\/266"}],"wp:attachment":[{"href":"https:\/\/www.altec-equipment.com\/index.php?rest_route=%2Fwp%2Fv2%2Fmedia&parent=265"}],"wp:term":[{"taxonomy":"product_cat","embeddable":true,"href":"https:\/\/www.altec-equipment.com\/index.php?rest_route=%2Fwp%2Fv2%2Fproduct_cat&post=265"},{"taxonomy":"product_tag","embeddable":true,"href":"https:\/\/www.altec-equipment.com\/index.php?rest_route=%2Fwp%2Fv2%2Fproduct_tag&post=265"}],"curies":[{"name":"wp","href":"https:\/\/api.w.org\/{rel}","templated":true}]}}