{"id":346,"date":"2020-09-02T22:27:51","date_gmt":"2020-09-02T20:27:51","guid":{"rendered":"https:\/\/www.altec-equipment.com\/?post_type=product&#038;p=346"},"modified":"2020-11-12T10:45:37","modified_gmt":"2020-11-12T09:45:37","slug":"controleur-pompe-ionique","status":"publish","type":"product","link":"https:\/\/www.altec-equipment.com\/?product=controleur-pompe-ionique","title":{"rendered":"Contr\u00f4leur pompe ionique"},"content":{"rendered":"<p>&nbsp;<\/p>\n<p>Gamma Vacuum a d\u00e9velopp\u00e9 une gamme de contr\u00f4leur de pompe ionique en accord avec les capacit\u00e9s des pompes ioniques et avec les besoins des utilisateurs.<\/p>\n<p>Le contr\u00f4leur pompe ionique SPC est id\u00e9al pour les pompes de capacit\u00e9 0,2l\/s \u00e0 75l\/s. Il poss\u00e8de un \u00e9cran digital affichant le courant\/la tension\/la pression, ainsi que les ports s\u00e9rie classiques. Pour plus d&rsquo;informations: <span style=\"color: #0000ff;\"><strong><a style=\"color: #0000ff;\" href=\"https:\/\/www.gammavacuum.com\/index.php\/product?id=64\" target=\"_blank\" rel=\"noopener noreferrer\">cliquer ici<\/a><\/strong><\/span>.<\/p>\n<p>Le contr\u00f4leur pompe ionique MPCQ correspond aux pompes ioniques de capacit\u00e9 100l\/s et plus. Ces alimentations lin\u00e9aires \u00e0 transformateur fournissent jusqu\u2019\u00e0 500mA\/1000W, peuvent alimenter de 1 \u00e0 4 pompes et contr\u00f4ler 1 \u00e0 2 sublimateurs titane. Ils poss\u00e8dent un \u00e9cran digital tactile pour un confort d\u2019utilisation. De plus les alimentations de ces contr\u00f4leurs sont des alimentations \u00e0 transformateur. Pour plus d&rsquo;informations: <a href=\"https:\/\/www.gammavacuum.com\/index.php\/product?id=79\" target=\"_blank\" rel=\"noopener noreferrer\"><strong><span style=\"color: #0000ff;\">cliquer ici<\/span><\/strong><\/a>.<\/p>\n<p>Le contr\u00f4leur QPC pompe ionique permet de piloter jusqu&rsquo;\u00e0 4 pompes de mani\u00e8re ind\u00e9pendante en d\u00e9livrant 125mA\/125W par sortie HT. Il peut \u00e9galement contr\u00f4ler de 1 \u00e0 2 sublimateurs titane. Pour plus d&rsquo;informations: <a href=\"https:\/\/www.gammavacuum.com\/index.php\/product?id=65\" target=\"_blank\" rel=\"noopener noreferrer\"><span style=\"color: #0000ff;\"><strong>cliquer ici<\/strong><\/span><\/a>.<\/p>\n","protected":false},"excerpt":{"rendered":"<p>&nbsp; Gamma Vacuum a d\u00e9velopp\u00e9 une gamme de contr\u00f4leur de pompe ionique en accord avec les capacit\u00e9s des pompes ioniques et avec les besoins des utilisateurs. Le contr\u00f4leur pompe ionique SPC est id\u00e9al pour les pompes de capacit\u00e9 0,2l\/s \u00e0 75l\/s. Il poss\u00e8de un \u00e9cran digital affichant le courant\/la tension\/la pression, ainsi que les ports [&hellip;]<\/p>\n","protected":false},"featured_media":347,"comment_status":"open","ping_status":"closed","template":"","meta":[],"product_cat":[18],"product_tag":[],"_links":{"self":[{"href":"https:\/\/www.altec-equipment.com\/index.php?rest_route=\/wp\/v2\/product\/346"}],"collection":[{"href":"https:\/\/www.altec-equipment.com\/index.php?rest_route=\/wp\/v2\/product"}],"about":[{"href":"https:\/\/www.altec-equipment.com\/index.php?rest_route=\/wp\/v2\/types\/product"}],"replies":[{"embeddable":true,"href":"https:\/\/www.altec-equipment.com\/index.php?rest_route=%2Fwp%2Fv2%2Fcomments&post=346"}],"wp:featuredmedia":[{"embeddable":true,"href":"https:\/\/www.altec-equipment.com\/index.php?rest_route=\/wp\/v2\/media\/347"}],"wp:attachment":[{"href":"https:\/\/www.altec-equipment.com\/index.php?rest_route=%2Fwp%2Fv2%2Fmedia&parent=346"}],"wp:term":[{"taxonomy":"product_cat","embeddable":true,"href":"https:\/\/www.altec-equipment.com\/index.php?rest_route=%2Fwp%2Fv2%2Fproduct_cat&post=346"},{"taxonomy":"product_tag","embeddable":true,"href":"https:\/\/www.altec-equipment.com\/index.php?rest_route=%2Fwp%2Fv2%2Fproduct_tag&post=346"}],"curies":[{"name":"wp","href":"https:\/\/api.w.org\/{rel}","templated":true}]}}