{"id":397,"date":"2020-09-11T11:58:58","date_gmt":"2020-09-11T09:58:58","guid":{"rendered":"https:\/\/www.altec-equipment.com\/?post_type=product&#038;p=397"},"modified":"2020-09-15T23:47:50","modified_gmt":"2020-09-15T21:47:50","slug":"parking-echantillons","status":"publish","type":"product","link":"https:\/\/www.altec-equipment.com\/?product=parking-echantillons","title":{"rendered":"Parking \u00e9chantillons"},"content":{"rendered":"<p>&nbsp;<\/p>\n<p>Le manipulateur parking d&rsquo;\u00e9chantillons pour les plaquettes d&rsquo;\u00e9chantillons de style flag (type Omicron) couramment utilis\u00e9es dans l&rsquo;instrumentation d&rsquo;analyse de surface est destin\u00e9 \u00e0 \u00eatre utilis\u00e9 pour stocker plusieurs \u00e9chantillons dans une chambre d&rsquo;analyse UHV ou dans une chambre de pr\u00e9paration des \u00e9chantillons. Il comprend un ou plusieurs carrousels, chacun pouvant accueillir 4 plaquettes porte-\u00e9chantillon.<\/p>\n<p>Chacune des plaquettes est maintenue en place par une paire de ressorts les maintenant solidement dans leur station d&rsquo;accueil, de sorte qu&rsquo;il y a un risque minimal de chute quelle que soit l&rsquo;orientation de montage du manipulateur.<\/p>\n<p>Les carrousels sont mont\u00e9s \u00e0 partir d&rsquo;un entra\u00eenement rotatif \u00e0 couplage magn\u00e9tique (MagiDrive) de sorte que chacun puisse \u00eatre pr\u00e9sent\u00e9 tour \u00e0 tour au m\u00e9canisme de transfert, qu&rsquo;il s&rsquo;agisse d&rsquo;un Wobble Stick, d&rsquo;une canne de transfert \u00e0 couplage magn\u00e9tique (PowerProbe) ou d&rsquo;un dispositif de transfert lin\u00e9aire pignon\/cr\u00e9maill\u00e8re.<\/p>\n<p><strong>Principales caract\u00e9ristiques<\/strong><\/p>\n<ul>\n<li>Disponible avec 4, 8, 12 et 16 positions de stationnement d&rsquo;\u00e9chantillons<\/li>\n<li>Rotation pr\u00e9cise du carrousel via un entra\u00eenement \u00e0 couplage magn\u00e9tique pour pr\u00e9senter chaque \u00e9chantillon pour le transfert<\/li>\n<li>Option de d\u00e9calage lin\u00e9aire pour r\u00e9gler la hauteur ou d\u00e9placer compl\u00e8tement le carrousel hors du chemin<\/li>\n<li>Compatible UHV<\/li>\n<\/ul>\n<p><\/span><br \/>\nPour plus d&rsquo;informations: <a href=\"https:\/\/www.uhvdesign.com\/products\/sample-parking\" target=\"_blank\" rel=\"noopener noreferrer\"><span style=\"color: #0000ff;\"><strong>cliquer ici<\/strong><\/span><\/a>.<\/p>\n","protected":false},"excerpt":{"rendered":"<p><span class=\"tlid-translation translation\" lang=\"fr\"><span class=\"\" title=\"\">Con\u00e7u pour prot\u00e9ger les hublots des syst\u00e8mes pendant les processus tels que les d\u00e9p\u00f4ts sous vide avec possibilit\u00e9 d&rsquo;option de fermeture compl\u00e8te \u00e0 100%.<\/span><\/span><\/p>\n","protected":false},"featured_media":398,"comment_status":"open","ping_status":"closed","template":"","meta":[],"product_cat":[17],"product_tag":[],"_links":{"self":[{"href":"https:\/\/www.altec-equipment.com\/index.php?rest_route=\/wp\/v2\/product\/397"}],"collection":[{"href":"https:\/\/www.altec-equipment.com\/index.php?rest_route=\/wp\/v2\/product"}],"about":[{"href":"https:\/\/www.altec-equipment.com\/index.php?rest_route=\/wp\/v2\/types\/product"}],"replies":[{"embeddable":true,"href":"https:\/\/www.altec-equipment.com\/index.php?rest_route=%2Fwp%2Fv2%2Fcomments&post=397"}],"wp:featuredmedia":[{"embeddable":true,"href":"https:\/\/www.altec-equipment.com\/index.php?rest_route=\/wp\/v2\/media\/398"}],"wp:attachment":[{"href":"https:\/\/www.altec-equipment.com\/index.php?rest_route=%2Fwp%2Fv2%2Fmedia&parent=397"}],"wp:term":[{"taxonomy":"product_cat","embeddable":true,"href":"https:\/\/www.altec-equipment.com\/index.php?rest_route=%2Fwp%2Fv2%2Fproduct_cat&post=397"},{"taxonomy":"product_tag","embeddable":true,"href":"https:\/\/www.altec-equipment.com\/index.php?rest_route=%2Fwp%2Fv2%2Fproduct_tag&post=397"}],"curies":[{"name":"wp","href":"https:\/\/api.w.org\/{rel}","templated":true}]}}