{"id":428,"date":"2020-09-15T23:40:44","date_gmt":"2020-09-15T21:40:44","guid":{"rendered":"https:\/\/www.altec-equipment.com\/?post_type=product&#038;p=428"},"modified":"2020-09-15T23:45:53","modified_gmt":"2020-09-15T21:45:53","slug":"water-pumps","status":"publish","type":"product","link":"https:\/\/www.altec-equipment.com\/?product=water-pumps","title":{"rendered":"Water pumps \/ pompes \u00e0 eau"},"content":{"rendered":"<p>La gamme de water pumps cryog\u00e9niques Trillium am\u00e9liore consid\u00e9rablement la capacit\u00e9 de pompage de la vapeur d\u2019eau et r\u00e9duit les temps d\u2019arr\u00eat de la pompe \u00e0 vide sans interf\u00e9rer avec l\u2019\u00e9quipement et les performances de la chambre existante. Les pompes \u00e0 eau sont un moyen rentable de moderniser les chambres \u00e0 vide existantes \u00e9quip\u00e9es de pompes cryog\u00e9niques, turbo-mol\u00e9culaires ou \u00e0 diffusion. Les pompes \u00e0 eau Trillium utilisent une conception de t\u00eate froide cryog\u00e9nique \u00e9prouv\u00e9e dans le temps sur un certain nombre de configurations de panneaux cryo fournissant des solutions de pompage d&rsquo;eau standard et personnalis\u00e9es.<\/p>\n<p><strong>Mod\u00e8les de pompe \u00e0 eau cryog\u00e9nique:<\/strong><\/p>\n<p>&#8211; Pompe \u00e0 eau cryog\u00e9nique en ligne\/annexe: con\u00e7ue pour s&rsquo;int\u00e9grer au m\u00e9canisme de pompage existant, tout en offrant une capacit\u00e9 de pompage de vapeur d&rsquo;eau d\u00e9di\u00e9e et \u00e9tendue pour tout syst\u00e8me de vide.<\/p>\n<p>&#8211; Pompe \u00e0 eau cryog\u00e9nique in situ: la solution de pompage de vapeur d&rsquo;eau la plus grande et la plus personnalisable pour tout syst\u00e8me de vide.<\/p>\n<p>Pour plus d&rsquo;informations: <a href=\"https:\/\/trilliumus.com\/products\/cryogenics\/cryo-plex-cryo-pumps\/cryogenic-water-pumps\/\" target=\"_blank\" rel=\"noopener noreferrer\"><span style=\"color: #0000ff;\"><strong>cliquer ici<\/strong><\/span><\/a>.<\/p>\n","protected":false},"excerpt":{"rendered":"<p>La gamme de water pumps cryog\u00e9niques Trillium am\u00e9liore consid\u00e9rablement la capacit\u00e9 de pompage de la vapeur d\u2019eau et r\u00e9duit les temps d\u2019arr\u00eat de la pompe \u00e0 vide sans interf\u00e9rer avec l\u2019\u00e9quipement et les performances de la chambre existante. Les pompes \u00e0 eau sont un moyen rentable de moderniser les chambres \u00e0 vide existantes \u00e9quip\u00e9es de [&hellip;]<\/p>\n","protected":false},"featured_media":429,"comment_status":"open","ping_status":"closed","template":"","meta":[],"product_cat":[19],"product_tag":[],"_links":{"self":[{"href":"https:\/\/www.altec-equipment.com\/index.php?rest_route=\/wp\/v2\/product\/428"}],"collection":[{"href":"https:\/\/www.altec-equipment.com\/index.php?rest_route=\/wp\/v2\/product"}],"about":[{"href":"https:\/\/www.altec-equipment.com\/index.php?rest_route=\/wp\/v2\/types\/product"}],"replies":[{"embeddable":true,"href":"https:\/\/www.altec-equipment.com\/index.php?rest_route=%2Fwp%2Fv2%2Fcomments&post=428"}],"wp:featuredmedia":[{"embeddable":true,"href":"https:\/\/www.altec-equipment.com\/index.php?rest_route=\/wp\/v2\/media\/429"}],"wp:attachment":[{"href":"https:\/\/www.altec-equipment.com\/index.php?rest_route=%2Fwp%2Fv2%2Fmedia&parent=428"}],"wp:term":[{"taxonomy":"product_cat","embeddable":true,"href":"https:\/\/www.altec-equipment.com\/index.php?rest_route=%2Fwp%2Fv2%2Fproduct_cat&post=428"},{"taxonomy":"product_tag","embeddable":true,"href":"https:\/\/www.altec-equipment.com\/index.php?rest_route=%2Fwp%2Fv2%2Fproduct_tag&post=428"}],"curies":[{"name":"wp","href":"https:\/\/api.w.org\/{rel}","templated":true}]}}