{"id":439,"date":"2020-09-18T14:50:34","date_gmt":"2020-09-18T12:50:34","guid":{"rendered":"https:\/\/www.altec-equipment.com\/?post_type=product&#038;p=439"},"modified":"2021-01-18T14:45:39","modified_gmt":"2021-01-18T13:45:39","slug":"traversees-coaxiales","status":"publish","type":"product","link":"https:\/\/www.altec-equipment.com\/?product=traversees-coaxiales","title":{"rendered":"Travers\u00e9es coaxiales"},"content":{"rendered":"<p>&nbsp;<\/p>\n<p>Sp\u00e9cifications des connecteurs standard<\/p>\n<p>Tensions jusqu&rsquo;\u00e0 20 kV DC<\/p>\n<p>Courant jusqu&rsquo;\u00e0 16,5 amp\u00e8res<\/p>\n<p>Conducteurs: jusqu&rsquo;\u00e0 62 broches<\/p>\n<p>Gamme de temp\u00e9rature de -269\u00b0C \u00e0 450\u00b0C<\/p>\n<p>Pression interne 1&#215;10-10 Torr jusqu&rsquo;\u00e0 4000 psig<\/p>\n<p>Type: Microdot, SMB, SMA, BNC, MHV, SHV 5-20kV, N, HN<\/p>\n<p>Pour plus d&rsquo;informations: <a href=\"https:\/\/www.solidsealing.com\/products\/listings.cfm?mainCat=1&amp;subCatID=2\" target=\"_blank\" rel=\"noopener noreferrer\"><span style=\"color: #0000ff;\"><strong>cliquer ici<\/strong><\/span><\/a>.<\/p>\n","protected":false},"excerpt":{"rendered":"<p>&nbsp; Sp\u00e9cifications des connecteurs standard Tensions jusqu&rsquo;\u00e0 20 kV DC Courant jusqu&rsquo;\u00e0 16,5 amp\u00e8res Conducteurs: jusqu&rsquo;\u00e0 62 broches Gamme de temp\u00e9rature de -269\u00b0C \u00e0 450\u00b0C Pression interne 1&#215;10-10 Torr jusqu&rsquo;\u00e0 4000 psig Type: Microdot, SMB, SMA, BNC, MHV, SHV 5-20kV, N, HN Pour plus d&rsquo;informations: cliquer ici.<\/p>\n","protected":false},"featured_media":268,"comment_status":"open","ping_status":"closed","template":"","meta":[],"product_cat":[23],"product_tag":[],"_links":{"self":[{"href":"https:\/\/www.altec-equipment.com\/index.php?rest_route=\/wp\/v2\/product\/439"}],"collection":[{"href":"https:\/\/www.altec-equipment.com\/index.php?rest_route=\/wp\/v2\/product"}],"about":[{"href":"https:\/\/www.altec-equipment.com\/index.php?rest_route=\/wp\/v2\/types\/product"}],"replies":[{"embeddable":true,"href":"https:\/\/www.altec-equipment.com\/index.php?rest_route=%2Fwp%2Fv2%2Fcomments&post=439"}],"wp:featuredmedia":[{"embeddable":true,"href":"https:\/\/www.altec-equipment.com\/index.php?rest_route=\/wp\/v2\/media\/268"}],"wp:attachment":[{"href":"https:\/\/www.altec-equipment.com\/index.php?rest_route=%2Fwp%2Fv2%2Fmedia&parent=439"}],"wp:term":[{"taxonomy":"product_cat","embeddable":true,"href":"https:\/\/www.altec-equipment.com\/index.php?rest_route=%2Fwp%2Fv2%2Fproduct_cat&post=439"},{"taxonomy":"product_tag","embeddable":true,"href":"https:\/\/www.altec-equipment.com\/index.php?rest_route=%2Fwp%2Fv2%2Fproduct_tag&post=439"}],"curies":[{"name":"wp","href":"https:\/\/api.w.org\/{rel}","templated":true}]}}