{"id":560,"date":"2021-11-02T21:04:31","date_gmt":"2021-11-02T20:04:31","guid":{"rendered":"https:\/\/www.altec-equipment.com\/?post_type=product&#038;p=560"},"modified":"2021-11-02T21:44:45","modified_gmt":"2021-11-02T20:44:45","slug":"plasma-atmospherique","status":"publish","type":"product","link":"https:\/\/www.altec-equipment.com\/?product=plasma-atmospherique","title":{"rendered":"Plasma atmosph\u00e9rique"},"content":{"rendered":"<p>&nbsp;<\/p>\n<p>&nbsp;<\/p>\n<p><a href=\"http:\/\/www.henniker-plasma.fr\/\" target=\"_blank\" rel=\"noopener noreferrer\"><span style=\"color: #0000ff;\"><strong>Henniker Plasma<\/strong><\/span><\/a> &#8211; Premier fabricant britannique de syst\u00e8mes de traitement au plasma pour le nettoyage, l&rsquo;activation de surface pour am\u00e9liorer l&rsquo;adh\u00e9rence, et le rev\u00eatement fonctionnel \u00e0 l&rsquo;\u00e9chelle nanom\u00e9trique.<\/p>\n<p><span class=\"VIiyi\" lang=\"fr\"><span class=\"JLqJ4b ChMk0b\" data-language-for-alternatives=\"fr\" data-language-to-translate-into=\"en\" data-phrase-index=\"0\" data-number-of-phrases=\"17\">La torche \u00e0 plasma atmosph\u00e9rique <span style=\"color: #0000ff;\"><a style=\"color: #0000ff;\" href=\"https:\/\/plasmatreatment.co.uk\/products-services\/atmospheric-plasma-torch\" target=\"_blank\" rel=\"noopener noreferrer\"><span style=\"text-decoration: underline;\"><strong>Cirrus<\/strong><\/span><\/a><\/span> est utilis\u00e9e pour am\u00e9liorer les caract\u00e9ristiques d&rsquo;adh\u00e9rence d&rsquo;une large gamme de mat\u00e9riaux.<\/span><\/span><\/p>\n<p><span class=\"VIiyi\" lang=\"fr\"><span class=\"JLqJ4b ChMk0b\" data-language-for-alternatives=\"fr\" data-language-to-translate-into=\"en\" data-phrase-index=\"2\" data-number-of-phrases=\"17\">Il s&rsquo;agit d&rsquo;un instrument autonome compact qui d\u00e9livre un panache continu (8 \u00e0 10 mm de large) de gaz plasma actif \u00e0 la surface et qui peut facilement \u00eatre int\u00e9gr\u00e9 \u00e0 des lignes d&rsquo;assemblage\/production avec ou sans manipulation robotis\u00e9e.<\/span> <span class=\"JLqJ4b ChMk0b\" data-language-for-alternatives=\"fr\" data-language-to-translate-into=\"en\" data-phrase-index=\"3\" data-number-of-phrases=\"17\">Le Cirrus fonctionne \u00e0 l&rsquo;air comprim\u00e9 et ne n\u00e9cessite aucun gaz sp\u00e9cial ou autre service.<\/span> <span class=\"JLqJ4b ChMk0b\" data-language-for-alternatives=\"fr\" data-language-to-translate-into=\"en\" data-phrase-index=\"4\" data-number-of-phrases=\"17\">Un connecteur sub-D en face arri\u00e8re permet le d\u00e9clenchement\/arr\u00eat du d\u00e9clenchement du plasma via un signal externe fourni par la ligne.<\/span><\/span><\/p>\n<p>Activation plasma de:<br \/>\n&#8211; Polym\u00e8res<br \/>\n&#8211; M\u00e9tal<br \/>\n&#8211; C\u00e9ramique<br \/>\n&#8211; Verre<br \/>\n&#8211; Mat\u00e9riaux hybrides<\/p>\n<p>Pour plus d&rsquo;informations sur les syst\u00e8mes plasma atmosph\u00e9riques Cirrus: <span style=\"color: #0000ff;\"><a style=\"color: #0000ff;\" href=\"https:\/\/plasmatreatment.co.uk\/products-services\/atmospheric-plasma-torch\" target=\"_blank\" rel=\"noopener noreferrer\"><strong>cliquer ici<\/strong><\/a><\/span>.<\/p>\n","protected":false},"excerpt":{"rendered":"<p>&nbsp; &nbsp; Henniker Plasma &#8211; Premier fabricant britannique de syst\u00e8mes de traitement au plasma pour le nettoyage, l&rsquo;activation de surface pour am\u00e9liorer l&rsquo;adh\u00e9rence, et le rev\u00eatement fonctionnel \u00e0 l&rsquo;\u00e9chelle nanom\u00e9trique. La torche \u00e0 plasma atmosph\u00e9rique Cirrus est utilis\u00e9e pour am\u00e9liorer les caract\u00e9ristiques d&rsquo;adh\u00e9rence d&rsquo;une large gamme de mat\u00e9riaux. Il s&rsquo;agit d&rsquo;un instrument autonome compact qui [&hellip;]<\/p>\n","protected":false},"featured_media":566,"comment_status":"open","ping_status":"closed","template":"","meta":[],"product_cat":[28],"product_tag":[],"_links":{"self":[{"href":"https:\/\/www.altec-equipment.com\/index.php?rest_route=\/wp\/v2\/product\/560"}],"collection":[{"href":"https:\/\/www.altec-equipment.com\/index.php?rest_route=\/wp\/v2\/product"}],"about":[{"href":"https:\/\/www.altec-equipment.com\/index.php?rest_route=\/wp\/v2\/types\/product"}],"replies":[{"embeddable":true,"href":"https:\/\/www.altec-equipment.com\/index.php?rest_route=%2Fwp%2Fv2%2Fcomments&post=560"}],"wp:featuredmedia":[{"embeddable":true,"href":"https:\/\/www.altec-equipment.com\/index.php?rest_route=\/wp\/v2\/media\/566"}],"wp:attachment":[{"href":"https:\/\/www.altec-equipment.com\/index.php?rest_route=%2Fwp%2Fv2%2Fmedia&parent=560"}],"wp:term":[{"taxonomy":"product_cat","embeddable":true,"href":"https:\/\/www.altec-equipment.com\/index.php?rest_route=%2Fwp%2Fv2%2Fproduct_cat&post=560"},{"taxonomy":"product_tag","embeddable":true,"href":"https:\/\/www.altec-equipment.com\/index.php?rest_route=%2Fwp%2Fv2%2Fproduct_tag&post=560"}],"curies":[{"name":"wp","href":"https:\/\/api.w.org\/{rel}","templated":true}]}}