{"id":568,"date":"2021-11-02T21:50:35","date_gmt":"2021-11-02T20:50:35","guid":{"rendered":"https:\/\/www.altec-equipment.com\/?post_type=product&#038;p=568"},"modified":"2022-03-11T10:44:03","modified_gmt":"2022-03-11T09:44:03","slug":"hublots-uhv","status":"publish","type":"product","link":"https:\/\/www.altec-equipment.com\/?product=hublots-uhv","title":{"rendered":"Hublots UHV"},"content":{"rendered":"<p>&nbsp;<\/p>\n<p>Torr Scientific Limited est une soci\u00e9t\u00e9 innovante qui rassemble une gamme unique d&rsquo;expertise, de comp\u00e9tences et d&rsquo;\u00e9quipements dans les domaines du rev\u00eatement sous vide en couche mince, de l&rsquo;instrumentation sous vide et de l&rsquo;optique \u00e9lectronique, pour servir les principaux instituts de recherche scientifique et fabricants OEM de produits industriels et m\u00e9dicaux.<\/p>\n<p>L&rsquo;entreprise fabrique des anodes \u00e0 rayons X, des hublots UHV et fait des rev\u00eatements antireflet.<\/p>\n<p>Les composants et l&rsquo;instrumentation de haute qualit\u00e9 sont fabriqu\u00e9s dans des conditions de salle blanche et les installations comprennent des fours sous vide, le soudage TIG, des tests de fuite \u00e0 l&rsquo;h\u00e9lium, des syst\u00e8mes de rev\u00eatement par faisceau \u00e9lectronique et par pulv\u00e9risation, une verrerie et des \u00e9quipements de test optique haut de gamme.<\/p>\n<p>Plus d&rsquo;informations sur les hublots UHV et rev\u00eatements: <a href=\"https:\/\/torrscientific.co.uk\/vacuum-optics\/\" target=\"_blank\" rel=\"noopener noreferrer\"><span style=\"color: #0000ff;\"><strong>cliquer ici<\/strong><\/span><\/a>.<\/p>\n","protected":false},"excerpt":{"rendered":"<p>&nbsp; Torr Scientific Limited est une soci\u00e9t\u00e9 innovante qui rassemble une gamme unique d&rsquo;expertise, de comp\u00e9tences et d&rsquo;\u00e9quipements dans les domaines du rev\u00eatement sous vide en couche mince, de l&rsquo;instrumentation sous vide et de l&rsquo;optique \u00e9lectronique, pour servir les principaux instituts de recherche scientifique et fabricants OEM de produits industriels et m\u00e9dicaux. L&rsquo;entreprise fabrique des [&hellip;]<\/p>\n","protected":false},"featured_media":617,"comment_status":"open","ping_status":"closed","template":"","meta":[],"product_cat":[29],"product_tag":[],"_links":{"self":[{"href":"https:\/\/www.altec-equipment.com\/index.php?rest_route=\/wp\/v2\/product\/568"}],"collection":[{"href":"https:\/\/www.altec-equipment.com\/index.php?rest_route=\/wp\/v2\/product"}],"about":[{"href":"https:\/\/www.altec-equipment.com\/index.php?rest_route=\/wp\/v2\/types\/product"}],"replies":[{"embeddable":true,"href":"https:\/\/www.altec-equipment.com\/index.php?rest_route=%2Fwp%2Fv2%2Fcomments&post=568"}],"wp:featuredmedia":[{"embeddable":true,"href":"https:\/\/www.altec-equipment.com\/index.php?rest_route=\/wp\/v2\/media\/617"}],"wp:attachment":[{"href":"https:\/\/www.altec-equipment.com\/index.php?rest_route=%2Fwp%2Fv2%2Fmedia&parent=568"}],"wp:term":[{"taxonomy":"product_cat","embeddable":true,"href":"https:\/\/www.altec-equipment.com\/index.php?rest_route=%2Fwp%2Fv2%2Fproduct_cat&post=568"},{"taxonomy":"product_tag","embeddable":true,"href":"https:\/\/www.altec-equipment.com\/index.php?rest_route=%2Fwp%2Fv2%2Fproduct_tag&post=568"}],"curies":[{"name":"wp","href":"https:\/\/api.w.org\/{rel}","templated":true}]}}