{"id":73,"date":"2020-02-15T10:42:45","date_gmt":"2020-02-15T09:42:45","guid":{"rendered":"http:\/\/www.altec-equipment.com\/?post_type=product&#038;p=73"},"modified":"2020-09-01T11:09:14","modified_gmt":"2020-09-01T09:09:14","slug":"cache_hublots01","status":"publish","type":"product","link":"https:\/\/www.altec-equipment.com\/?product=cache_hublots01","title":{"rendered":"Cache Hublots"},"content":{"rendered":"<p>&nbsp;<\/p>\n<ul>\n<li>Disponibles sur brides DN40 CF \u00e0 DN150 CF<\/li>\n<li>Actionneur manuel ou pneumatique<\/li>\n<li>Enti\u00e8rement \u00e9tuvable \u00e0 250\u00b0C<\/li>\n<li>Syst\u00e8me de contr\u00f4le de la friction<\/li>\n<li>Option fermeture compl\u00e8te \u00e0 100%<\/li>\n<li>Option switch de positionnement<\/li>\n<\/ul>\n<p>&nbsp;<\/p>\n<p><span class=\"tlid-translation translation\" lang=\"fr\"><span title=\"\">UHV Design offre une gamme de\u00a0<strong>cache-hublots<\/strong> con\u00e7us pour prot\u00e9ger les hublots du syst\u00e8me pendant les processus tels que les d\u00e9p\u00f4ts sous vide avec une option de fermeture compl\u00e8te \u00e0 100%.<\/span><\/span><\/p>\n<p><span class=\"\" title=\"\">En utilisant les travers\u00e9es rotatives MagiDrive \u00e0 couplage magn\u00e9tique pour l&rsquo;actionnement de l&rsquo;obturateur, la gamme peut \u00eatre actionn\u00e9e manuellement ou pneumatiquement lorsqu&rsquo;une commande \u00e0 distance est n\u00e9cessaire.<\/span><\/p>\n<p><span class=\"tlid-translation translation\" lang=\"fr\"><strong><span title=\"\">FERMETURE 100%<\/span><\/strong><\/span><\/p>\n<p><span title=\"\">La gamme de cache-hublots VPSFC offre une protection \u00e0 100% contre les d\u00e9p\u00f4ts sur hublots dans les applications de d\u00e9p\u00f4t HV et UHV.<\/span><\/p>\n<p><span class=\"\" title=\"\">La gamme est disponible en AutoClose (fermeture automatique), Pneumatique ou Pneumatique avec option de retour d&rsquo;information de position.<\/span><\/p>\n<p><span class=\"tlid-translation translation\" lang=\"fr\"><strong><span title=\"\">ACTIONNEUR PNEUMATIQUE<\/span><\/strong><\/span><\/p>\n<p><span class=\"\" title=\"\">Les cache-hublots peuvent \u00e9galement \u00eatre \u00e9quip\u00e9s d&rsquo;une MagiDrive \u00e0 commande pneumatique.<\/span> <span class=\"\" title=\"\">Utilis\u00e9s dans leur forme la plus simple, ils peuvent \u00eatre command\u00e9s \u00e0 distance \u00e0 partir d&rsquo;un panneau de commande ou d&rsquo;un interrupteur.<\/span> <span class=\"\" title=\"\">Pour une protection plus sophistiqu\u00e9e, le MagiDrive \u00e0 commande pneumatique pourrait \u00eatre reli\u00e9e au \u00abprocessus de vide\u00bb, de sorte que l\u2019activation d\u2019une source de d\u00e9p\u00f4t, par exemple, fermerait automatiquement le cache-hublot.<\/span> <span class=\"\" title=\"\">En outre, pour les applications critiques, un ensemble optionnel de \u00abswitch de positionnement\u00bb peut \u00eatre install\u00e9 sur le variateur pour confirmer au contr\u00f4leur de processus que le cache-hublot est en position ferm\u00e9e.<\/span><\/p>\n<p>&nbsp;<\/p>\n<p>Pour plus d&rsquo;informations sur les cache-hublots UHV Design: <strong><a href=\"https:\/\/www.uhvdesign.com\/products\/view-port-shutters\" target=\"_blank\" rel=\"noopener noreferrer\"><span style=\"color: #0000ff;\">cliquer ici<\/span><\/a><\/strong>.<\/p>\n","protected":false},"excerpt":{"rendered":"<p><span class=\"tlid-translation translation\" lang=\"fr\"><span class=\"\" title=\"\">Con\u00e7u pour prot\u00e9ger les hublots des syst\u00e8mes pendant les processus tels que les d\u00e9p\u00f4ts sous vide avec possibilit\u00e9 d&rsquo;option de fermeture compl\u00e8te \u00e0 100%.<\/span><\/span><\/p>\n","protected":false},"featured_media":337,"comment_status":"open","ping_status":"closed","template":"","meta":[],"product_cat":[17],"product_tag":[],"_links":{"self":[{"href":"https:\/\/www.altec-equipment.com\/index.php?rest_route=\/wp\/v2\/product\/73"}],"collection":[{"href":"https:\/\/www.altec-equipment.com\/index.php?rest_route=\/wp\/v2\/product"}],"about":[{"href":"https:\/\/www.altec-equipment.com\/index.php?rest_route=\/wp\/v2\/types\/product"}],"replies":[{"embeddable":true,"href":"https:\/\/www.altec-equipment.com\/index.php?rest_route=%2Fwp%2Fv2%2Fcomments&post=73"}],"wp:featuredmedia":[{"embeddable":true,"href":"https:\/\/www.altec-equipment.com\/index.php?rest_route=\/wp\/v2\/media\/337"}],"wp:attachment":[{"href":"https:\/\/www.altec-equipment.com\/index.php?rest_route=%2Fwp%2Fv2%2Fmedia&parent=73"}],"wp:term":[{"taxonomy":"product_cat","embeddable":true,"href":"https:\/\/www.altec-equipment.com\/index.php?rest_route=%2Fwp%2Fv2%2Fproduct_cat&post=73"},{"taxonomy":"product_tag","embeddable":true,"href":"https:\/\/www.altec-equipment.com\/index.php?rest_route=%2Fwp%2Fv2%2Fproduct_tag&post=73"}],"curies":[{"name":"wp","href":"https:\/\/api.w.org\/{rel}","templated":true}]}}