{"id":737,"date":"2026-05-06T10:58:34","date_gmt":"2026-05-06T08:58:34","guid":{"rendered":"https:\/\/www.altec-equipment.com\/?post_type=product&#038;p=737"},"modified":"2026-05-06T11:21:35","modified_gmt":"2026-05-06T09:21:35","slug":"soufflets-hydroformes-accouplements-a-soufflet","status":"publish","type":"product","link":"https:\/\/www.altec-equipment.com\/?product=soufflets-hydroformes-accouplements-a-soufflet","title":{"rendered":"Soufflets hydroform\u00e9s &#8211; accouplements \u00e0 soufflet"},"content":{"rendered":"<p><span style=\"color: #0000ff;\"><strong>Heitz<\/strong><\/span>\u00a0&#8211; S<span class=\"HwtZe\" lang=\"fr\"><span class=\"jCAhz ChMk0b\"><span class=\"ryNqvb\">oci\u00e9t\u00e9 de fabrication allemande de plus de 70 ans d&rsquo;exp\u00e9rience.<\/span><\/span><\/span><\/p>\n<p><span class=\"HwtZe\" lang=\"fr\"><span class=\"jCAhz ChMk0b\"><span class=\"ryNqvb\">Durant cette p\u00e9riode, l&rsquo;entreprise s&rsquo;est d\u00e9velopp\u00e9e avec succ\u00e8s et constance, en utilisant exclusivement ses propres ressources. Leur objectif a toujours \u00e9t\u00e9 et demeure la satisfaction des clients gr\u00e2ce \u00e0 des produits de haute qualit\u00e9 et un accompagnement optimal, en proposant des solutions adapt\u00e9es, m\u00eame pour des exigences exceptionnelles. Leur expertise de plus d&rsquo;un demi-si\u00e8cle dans la technologie des soufflets m\u00e9talliques garantit une qualit\u00e9 irr\u00e9prochable et un service personnalis\u00e9.<\/span><\/span><\/span><\/p>\n<p>Les accouplements \u00e0 soufflet m\u00e9tallique Heitz sont r\u00e9alis\u00e9s \u00e9quilibr\u00e9s et rigides en torsion.<\/p>\n<p>Pour plus d&rsquo;informations sur les soufflets Heitz: <span style=\"color: #0000ff;\"><a style=\"color: #0000ff;\" href=\"https:\/\/heitz-gmbh.de\/en\" target=\"_blank\" rel=\"noopener noreferrer\"><strong>cliquer ici<\/strong><\/a><\/span>.<\/p>\n","protected":false},"excerpt":{"rendered":"<p><img fetchpriority=\"high\" decoding=\"async\" class=\"alignnone size-medium wp-image-738\" src=\"https:\/\/www.altec-equipment.com\/wp-content\/uploads\/2026\/05\/Soufflet-Heitz-300x267.png\" alt=\"\" width=\"300\" height=\"267\" srcset=\"https:\/\/www.altec-equipment.com\/wp-content\/uploads\/2026\/05\/Soufflet-Heitz-300x267.png 300w, https:\/\/www.altec-equipment.com\/wp-content\/uploads\/2026\/05\/Soufflet-Heitz-768x683.png 768w, https:\/\/www.altec-equipment.com\/wp-content\/uploads\/2026\/05\/Soufflet-Heitz-600x533.png 600w, https:\/\/www.altec-equipment.com\/wp-content\/uploads\/2026\/05\/Soufflet-Heitz.png 992w\" sizes=\"(max-width: 300px) 100vw, 300px\" \/><\/p>\n","protected":false},"featured_media":738,"comment_status":"open","ping_status":"closed","template":"","meta":[],"product_cat":[30,31],"product_tag":[],"_links":{"self":[{"href":"https:\/\/www.altec-equipment.com\/index.php?rest_route=\/wp\/v2\/product\/737"}],"collection":[{"href":"https:\/\/www.altec-equipment.com\/index.php?rest_route=\/wp\/v2\/product"}],"about":[{"href":"https:\/\/www.altec-equipment.com\/index.php?rest_route=\/wp\/v2\/types\/product"}],"replies":[{"embeddable":true,"href":"https:\/\/www.altec-equipment.com\/index.php?rest_route=%2Fwp%2Fv2%2Fcomments&post=737"}],"wp:featuredmedia":[{"embeddable":true,"href":"https:\/\/www.altec-equipment.com\/index.php?rest_route=\/wp\/v2\/media\/738"}],"wp:attachment":[{"href":"https:\/\/www.altec-equipment.com\/index.php?rest_route=%2Fwp%2Fv2%2Fmedia&parent=737"}],"wp:term":[{"taxonomy":"product_cat","embeddable":true,"href":"https:\/\/www.altec-equipment.com\/index.php?rest_route=%2Fwp%2Fv2%2Fproduct_cat&post=737"},{"taxonomy":"product_tag","embeddable":true,"href":"https:\/\/www.altec-equipment.com\/index.php?rest_route=%2Fwp%2Fv2%2Fproduct_tag&post=737"}],"curies":[{"name":"wp","href":"https:\/\/api.w.org\/{rel}","templated":true}]}}