{"id":79,"date":"2020-02-15T10:50:17","date_gmt":"2020-02-15T09:50:17","guid":{"rendered":"http:\/\/www.altec-equipment.com\/?post_type=product&#038;p=79"},"modified":"2020-09-15T23:57:34","modified_gmt":"2020-09-15T21:57:34","slug":"translation-lineaires","status":"publish","type":"product","link":"https:\/\/www.altec-equipment.com\/?product=translation-lineaires","title":{"rendered":"Translations lin\u00e9aires"},"content":{"rendered":"<p>&nbsp;<\/p>\n<p><span class=\"tlid-translation translation\" lang=\"fr\"><span class=\"\" title=\"\">UHV Design propose des actionneurs lin\u00e9aires avec soufflet \u00e0 coupelles soud\u00e9es ou \u00e0 couplage magn\u00e9tique pour r\u00e9pondre \u00e0 une large gamme d&rsquo;applications, y compris les filtres de ligne de lumi\u00e8re, les scanneurs de faisceau, l&rsquo;ajustement des sources de pulv\u00e9risation et les manipulateur de d\u00e9p\u00f4t jusqu&rsquo;aux applications de style de production.<\/span><\/span><\/p>\n<p><span class=\"\" title=\"\">Une gamme d&rsquo;options de personnalisation est disponible, y compris la motorisation, l&rsquo;actionnement pneumatique, les arbres personnalis\u00e9s, le choix du codeur et des options \u00e0 haute vitesse qui utilisent un m\u00e9canisme de vis \u00e0 billes pour atteindre des vitesses allant jusqu&rsquo;\u00e0 100 mm\/s.<\/span><\/p>\n<p>Pour plus d&rsquo;informations: <a href=\"https:\/\/www.uhvdesign.com\/products\/linear-actuators\" target=\"_blank\" rel=\"noopener noreferrer\"><span style=\"color: #0000ff;\"><strong>cliquer ici<\/strong><\/span><\/a>.<\/p>\n","protected":false},"excerpt":{"rendered":"<p>&nbsp; UHV Design propose des actionneurs lin\u00e9aires avec soufflet \u00e0 coupelles soud\u00e9es ou \u00e0 couplage magn\u00e9tique pour r\u00e9pondre \u00e0 une large gamme d&rsquo;applications, y compris les filtres de ligne de lumi\u00e8re, les scanneurs de faisceau, l&rsquo;ajustement des sources de pulv\u00e9risation et les manipulateur de d\u00e9p\u00f4t jusqu&rsquo;aux applications de style de production. Une gamme d&rsquo;options de [&hellip;]<\/p>\n","protected":false},"featured_media":363,"comment_status":"open","ping_status":"closed","template":"","meta":[],"product_cat":[17],"product_tag":[],"_links":{"self":[{"href":"https:\/\/www.altec-equipment.com\/index.php?rest_route=\/wp\/v2\/product\/79"}],"collection":[{"href":"https:\/\/www.altec-equipment.com\/index.php?rest_route=\/wp\/v2\/product"}],"about":[{"href":"https:\/\/www.altec-equipment.com\/index.php?rest_route=\/wp\/v2\/types\/product"}],"replies":[{"embeddable":true,"href":"https:\/\/www.altec-equipment.com\/index.php?rest_route=%2Fwp%2Fv2%2Fcomments&post=79"}],"wp:featuredmedia":[{"embeddable":true,"href":"https:\/\/www.altec-equipment.com\/index.php?rest_route=\/wp\/v2\/media\/363"}],"wp:attachment":[{"href":"https:\/\/www.altec-equipment.com\/index.php?rest_route=%2Fwp%2Fv2%2Fmedia&parent=79"}],"wp:term":[{"taxonomy":"product_cat","embeddable":true,"href":"https:\/\/www.altec-equipment.com\/index.php?rest_route=%2Fwp%2Fv2%2Fproduct_cat&post=79"},{"taxonomy":"product_tag","embeddable":true,"href":"https:\/\/www.altec-equipment.com\/index.php?rest_route=%2Fwp%2Fv2%2Fproduct_tag&post=79"}],"curies":[{"name":"wp","href":"https:\/\/api.w.org\/{rel}","templated":true}]}}